
{"id":31,"date":"2024-11-30T19:55:52","date_gmt":"2024-11-30T19:55:52","guid":{"rendered":"https:\/\/conferences.eg.org\/vcbm2025\/?page_id=31"},"modified":"2025-10-05T07:38:36","modified_gmt":"2025-10-05T07:38:36","slug":"organization","status":"publish","type":"page","link":"https:\/\/conferences.eg.org\/vcbm2025\/organization\/","title":{"rendered":"Organization and Contact"},"content":{"rendered":"<div class=\"org-dual-col-row\">\n<div class=\"org-dual-col-column\">\n<h4>General Chair<\/h4>\n<p><a href=\"https:\/\/www.thomashollt.com\" target=\"_blank\" rel=\"noopener\">Thomas H\u00f6llt<\/a>, TU Delft<\/p>\n<h4>Diversity Chairs \/ Ombudsperson<\/h4>\n<p><a href=\"https:\/\/renataraidou.com\" target=\"_blank\" rel=\"noopener\">Renata Raidou<\/a>, TU Wien<br \/>\n<a href=\"https:\/\/cg.cs.uni-bonn.de\/person\/prof-dr-thomas-schultz\" target=\"_blank\" rel=\"noopener\">Thomas Schultz<\/a>, Universit\u00e4t Bonn<\/p>\n<h4>Website and Social Media<\/h4>\n<p><a href=\"https:\/\/www.tudelft.nl\/ewi\/over-de-faculteit\/afdelingen\/intelligent-systems\/computer-graphics-and-visualization\/people\/priyanka-singhvi\" target=\"_blank\" rel=\"noopener\">Priyanka Singhvi<\/a>, TU Delft<br \/>\n<a href=\"https:\/\/lkeb.github.io\/people\/soumyadeep_basu.html\" target=\"_blank\" rel=\"noopener\">Soumyadeep Basu<\/a>, Leiden University Medical Center<\/p>\n<\/div>\n<div class=\"org-dual-col-column\">\n<h4>Full Paper Chairs<\/h4>\n<p><a href=\"https:\/\/alessioarleo.eu\" target=\"_blank\" rel=\"noopener\">Alessio Arleo<\/a>, TU Eindhoven<br \/>\n<a href=\"https:\/\/www.muni.cz\/en\/people\/207879-jan-byska\" target=\"_blank\" rel=\"noopener\">Jan By\u0161ka<\/a>, Masaryk University<br \/>\n<a href=\"https:\/\/www.vismd.de\/user\/meuschke\/\" target=\"_blank\" rel=\"noopener\">Monique Meuschke<\/a>, University of Magdeburg<\/p>\n<h4>Short Paper Chairs<\/h4>\n<p><a href=\"https:\/\/www.laura-garrison.com\" target=\"_blank\" rel=\"noopener\">Laura Garrison<\/a>, University of Bergen<br \/>\n<a href=\"https:\/\/kruegert.github.io\" target=\"_blank\" rel=\"noopener\">Robert Krueger<\/a>, New York University<\/p>\n<h4>Posters Chairs<\/h4>\n<p>Christina Gillmann, Fraunhofer FIT<br \/>\n<a href=\"https:\/\/www.vr.rwth-aachen.de\/person\/360\/\" target=\"_blank\" rel=\"noopener\">Tim Gerrits<\/a>, RWTH Aachen<\/p>\n<\/div>\n<\/div>\n<h4><\/h4>\n<h4>International Program Committee (Full and Short Papers)<\/h4>\n<p>Baaden, Marc &#8211; Laboratoire de Biochimie Th\u00e9orique<br \/>\nBaum, Daniel &#8211; Zuse Institute Berlin<br \/>\nBernard, J\u00fcrgen &#8211; University of Zurich<br \/>\nBruckner, Stefan &#8211; University of Rostock<br \/>\nB\u00fchler, Katja &#8211; VRVis<br \/>\nBurch, Michael &#8211; DAViS<br \/>\nChitiboi, Teodora &#8211; Siemens Healthineers AG<br \/>\nEhlers, Henry &#8211; TU Wien<br \/>\nEulzer, Pepe &#8211; University of Jena<br \/>\nGadermayr, Michael &#8211; Salzburg University of Applied Sciences<br \/>\nGerrits, Tim &#8211; RWTH Aachen University<br \/>\nG\u00fcm\u00fc\u015f, Zeynep &#8211; Mount Sinai School of Medicine<br \/>\nHadwiger, Markus &#8211; KAUST<br \/>\nHajarolasvadi, Noushin &#8211; Zuse Institute Berlin<br \/>\nHennemuth, Anja &#8211; Charit\u00e9 Universit\u00e4tsmedizin Berlin<br \/>\nHotz, Ingrid &#8211; Link\u00f6ping University<br \/>\nIsenberg, Tobias &#8211; Inria<br \/>\nKou\u0159il, David &#8211; Harvard Medical School<br \/>\nKozlikova, Barbora &#8211; Masaryk University<br \/>\nKrone, Michael &#8211; Stuttgart University of Applied Sciences<br \/>\nKuhlen, Torsten &#8211; RWTH Aachen University<br \/>\nLawonn, Kai &#8211; University of Jena<br \/>\nLinsen, Lars &#8211; University of M\u00fcnster<br \/>\nMiksch, Silvia &#8211; TU Wien<br \/>\nMistelbauer, Gabriel &#8211; Stanford University School of Medicine<br \/>\nM\u00f6rth, Eric &#8211; Harvard Medical School<br \/>\nNieselt, Kay &#8211; University of Tuebingen<br \/>\nPreim, Bernhard &#8211; Otto-von-Guericke University Magdeburg<br \/>\nProcter, James &#8211; University of Dundee<br \/>\nRaidou, Renata Georgia &#8211; TU Wien<br \/>\nReina, Guido &#8211; University of Stuttgart<br \/>\nSchott, Danny &#8211; Otto-von-Guericke University Magdeburg<br \/>\nSchultz, Thomas &#8211; University of Bonn<br \/>\nSmit, Noeska &#8211; University of Bergen<br \/>\nV\u00e0zquez, Pere-Pau &#8211; Facultat d&#8217;Inform\u00e0tica de Barcelona<br \/>\nvon Landesberger, Tatiana &#8211; Universit\u00e4t zu K\u00f6ln<br \/>\nWang, Qianwen &#8211; University of Minnesota<br \/>\nWarchol, Simon &#8211; Harvard Medical School<br \/>\nZhang, Amy &#8211; University of Bergen<br \/>\nZiman, Roxanne &#8211; University of Bergen<\/p>\n","protected":false},"excerpt":{"rendered":"<p>General Chair Thomas H\u00f6llt, TU Delft Diversity Chairs \/ Ombudsperson Renata Raidou, TU Wien Thomas Schultz, Universit\u00e4t Bonn Website and Social Media Priyanka Singhvi, TU Delft Soumyadeep Basu, Leiden University Medical Center Full Paper Chairs Alessio Arleo, TU Eindhoven Jan <a class=\"more-link\" href=\"https:\/\/conferences.eg.org\/vcbm2025\/organization\/\">Read More &#8230;<\/a><\/p>\n","protected":false},"author":40,"featured_media":0,"parent":0,"menu_order":0,"comment_status":"closed","ping_status":"closed","template":"","meta":[],"_links":{"self":[{"href":"https:\/\/conferences.eg.org\/vcbm2025\/wp-json\/wp\/v2\/pages\/31"}],"collection":[{"href":"https:\/\/conferences.eg.org\/vcbm2025\/wp-json\/wp\/v2\/pages"}],"about":[{"href":"https:\/\/conferences.eg.org\/vcbm2025\/wp-json\/wp\/v2\/types\/page"}],"author":[{"embeddable":true,"href":"https:\/\/conferences.eg.org\/vcbm2025\/wp-json\/wp\/v2\/users\/40"}],"replies":[{"embeddable":true,"href":"https:\/\/conferences.eg.org\/vcbm2025\/wp-json\/wp\/v2\/comments?post=31"}],"version-history":[{"count":19,"href":"https:\/\/conferences.eg.org\/vcbm2025\/wp-json\/wp\/v2\/pages\/31\/revisions"}],"predecessor-version":[{"id":614,"href":"https:\/\/conferences.eg.org\/vcbm2025\/wp-json\/wp\/v2\/pages\/31\/revisions\/614"}],"wp:attachment":[{"href":"https:\/\/conferences.eg.org\/vcbm2025\/wp-json\/wp\/v2\/media?parent=31"}],"curies":[{"name":"wp","href":"https:\/\/api.w.org\/{rel}","templated":true}]}}