
{"id":45,"date":"2023-06-02T09:20:57","date_gmt":"2023-06-02T09:20:57","guid":{"rendered":"https:\/\/conferences.eg.org\/vcbm2023\/?page_id=45"},"modified":"2023-09-06T09:44:20","modified_gmt":"2023-09-06T09:44:20","slug":"chairs-committees","status":"publish","type":"page","link":"https:\/\/conferences.eg.org\/vcbm2023\/chairs-committees\/","title":{"rendered":"Chairs &amp; Committees"},"content":{"rendered":"<p>VCBM 2023 is realized by the following persons\/committees (in alphabetical order):<\/p>\n<h3>General Chairs<\/h3>\n<ul>\n<li><a href=\"https:\/\/liu.se\/en\/employee\/clalu03\">Claes Lundstr\u00f6m<\/a> (Link\u00f6ping University, Sweden)<\/li>\n<li><a href=\"https:\/\/liu.se\/en\/employee\/danjo37\">Daniel J\u00f6nsson<\/a> (Link\u00f6ping University, Sweden)<\/li>\n<li><a href=\"https:\/\/scivis.github.io\/staff\/ingho32\/\">Ingrid Hotz<\/a> (Link\u00f6ping University, Sweden)<\/li>\n<li><a href=\"https:\/\/scivis.github.io\/staff\/marfa45\/\">Martin Falk<\/a> (Link\u00f6ping University, Sweden)<\/li>\n<\/ul>\n<h3>Paper chairs<\/h3>\n<ul>\n<li><a href=\"https:\/\/www.ovgu.de\/Hansen-path-2,9459,14965,15772,15776.html\">Christian Hansen<\/a> (University of Magdeburg Germany)<\/li>\n<li><a href=\"https:\/\/www.dundee.ac.uk\/people\/james-procter\">James Procter<\/a> (University of Dundee, United Kingdom)<\/li>\n<li><a href=\"https:\/\/renataraidou.com\/\">Renata Raidou<\/a> (TU Wien, Austria)<\/li>\n<\/ul>\n<h3>Short paper chairs<\/h3>\n<ul>\n<li><a href=\"https:\/\/liu.se\/en\/employee\/danjo37\">Daniel J\u00f6nsson<\/a> (Link\u00f6ping University, Sweden)<\/li>\n<li><a href=\"https:\/\/www.thomashollt.com\/\">Thomas H\u00f6llt<\/a> (TU Delft, The Netherlands)<\/li>\n<\/ul>\n<h3>Poster chairs<\/h3>\n<ul>\n<li><a href=\"https:\/\/www.laura-garrison.com\/\">Laura Garrison<\/a> (University of Bergen, Norway)<\/li>\n<li><a href=\"https:\/\/www.kth.se\/profile\/linares\/\">Mathieu Linares<\/a> (KTH Royal Institute of Technology, Sweden)<\/li>\n<\/ul>\n<h3>Image Contest<\/h3>\n<ul>\n<li><a href=\"https:\/\/dbmi.hms.harvard.edu\/people\/eric-moerth\">Eric Moerth<\/a> (Harvard Medical School, United States of America)<\/li>\n<li><a href=\"https:\/\/scivis.github.io\/staff\/marfa45\/\">Martin Falk<\/a> (Link\u00f6ping University, Sweden)<\/li>\n<\/ul>\n<h3>Organizational chairs<\/h3>\n<ul>\n<li><a href=\"https:\/\/liu.se\/medarbetare\/agnvi93\">Agne Virsilaite Maras<\/a> (Link\u00f6ping University, Sweden)<\/li>\n<\/ul>\n<h3>Website<\/h3>\n<ul>\n<li><a href=\"https:\/\/scivis.github.io\/staff\/marfa45\/\">Martin Falk<\/a> (Link\u00f6ping University, Sweden)<\/li>\n<\/ul>\n<h3>Ombuds team<\/h3>\n<ul>\n<li><a href=\"https:\/\/www.laura-garrison.com\/\">Laura Garrison<\/a> (University of Bergen, Norway)<\/li>\n<li><a href=\"https:\/\/www.thomashollt.com\/\">Thomas H\u00f6llt<\/a> (TU Delft, The Netherlands)<\/li>\n<\/ul>\n<h3>VCBM Steering Committee<\/h3>\n<ul>\n<li><a href=\"https:\/\/www.uni-ulm.de\/in\/mi\/institut\/mitarbeiter\/timo-ropinski\/\">Timo Ropinski<\/a> (University of Ulm, Germany)<\/li>\n<li><a href=\"https:\/\/vis.uib.no\/team\/hauser\/\">Helwig Hauser<\/a> (University of Bergen, Norway)<\/li>\n<li><a href=\"https:\/\/www.fi.muni.cz\/~xkozlik\/\">Barbora Kozl\u00edkov\u00e1<\/a> (Masaryk University, Czech Republic)<\/li>\n<li><a href=\"https:\/\/www.cs.upc.edu\/~ppau\/\">Pere-Pau V\u00e1zquez<\/a> (U.P.C. Barcelona, Spain)<\/li>\n<li><a href=\"https:\/\/renataraidou.com\/\">Renata Raidou<\/a> (TU Wien, Austria)<\/li>\n<li><a href=\"https:\/\/www.uni-ulm.de\/in\/mi\/institut\/mitarbeiter\/timo-ropinski\/\">Thomas Schultz<\/a> (University of Bonn, Germany)<\/li>\n<\/ul>\n","protected":false},"excerpt":{"rendered":"<p>VCBM 2023 is realized by the following persons\/committees (in alphabetical order): General Chairs Claes Lundstr\u00f6m (Link\u00f6ping University, Sweden) Daniel J\u00f6nsson (Link\u00f6ping University, Sweden) Ingrid Hotz (Link\u00f6ping University, Sweden) Martin Falk (Link\u00f6ping University, Sweden) Paper chairs Christian Hansen (University of Magdeburg <a class=\"more-link\" href=\"https:\/\/conferences.eg.org\/vcbm2023\/chairs-committees\/\">Read More &#8230;<\/a><\/p>\n","protected":false},"author":12,"featured_media":0,"parent":0,"menu_order":0,"comment_status":"closed","ping_status":"closed","template":"","meta":[],"_links":{"self":[{"href":"https:\/\/conferences.eg.org\/vcbm2023\/wp-json\/wp\/v2\/pages\/45"}],"collection":[{"href":"https:\/\/conferences.eg.org\/vcbm2023\/wp-json\/wp\/v2\/pages"}],"about":[{"href":"https:\/\/conferences.eg.org\/vcbm2023\/wp-json\/wp\/v2\/types\/page"}],"author":[{"embeddable":true,"href":"https:\/\/conferences.eg.org\/vcbm2023\/wp-json\/wp\/v2\/users\/12"}],"replies":[{"embeddable":true,"href":"https:\/\/conferences.eg.org\/vcbm2023\/wp-json\/wp\/v2\/comments?post=45"}],"version-history":[{"count":12,"href":"https:\/\/conferences.eg.org\/vcbm2023\/wp-json\/wp\/v2\/pages\/45\/revisions"}],"predecessor-version":[{"id":174,"href":"https:\/\/conferences.eg.org\/vcbm2023\/wp-json\/wp\/v2\/pages\/45\/revisions\/174"}],"wp:attachment":[{"href":"https:\/\/conferences.eg.org\/vcbm2023\/wp-json\/wp\/v2\/media?parent=45"}],"curies":[{"name":"wp","href":"https:\/\/api.w.org\/{rel}","templated":true}]}}