
{"id":102,"date":"2023-07-19T09:56:48","date_gmt":"2023-07-19T09:56:48","guid":{"rendered":"https:\/\/conferences.eg.org\/vcbm2023\/?page_id=102"},"modified":"2023-09-21T07:30:27","modified_gmt":"2023-09-21T07:30:27","slug":"information-for-attendees","status":"publish","type":"page","link":"https:\/\/conferences.eg.org\/vcbm2023\/information-for-attendees\/","title":{"rendered":"For Attendees"},"content":{"rendered":"<p>This page provides information for attendees such as a links for registration and accommodation, travel information, local events, and tourist information.<\/p>\n<h3>Registration<\/h3>\n<div class=\"fusion-text\">\n<p class=\"p2\">More information about the conference registration and fees can be found <a href=\"https:\/\/conferences.eg.org\/vcbm2023\/information-for-attendees\/registration\/\">here<\/a>.<\/p>\n<hr \/>\n<\/div>\n<h3>Venue<\/h3>\n<p>VCBM 2023 will take place on September 20-22, 2023 in Norrk\u00f6ping, Sweden and is hosted by <a href=\"https:\/\/liu.se\/\">Link\u00f6ping University<\/a>\u00a0and the\u00a0<a href=\"https:\/\/visualiseringscenter.se\/\">Norrk\u00f6ping Visualization Center C<\/a>. Both are located within the\u00a0<a href=\"https:\/\/visit-norrkoping-se.translate.goog\/se-och-gora\/sevardheter\/sevardheter\/industrilandskapet?_x_tr_sl=sv&amp;_x_tr_tl=en&amp;_x_tr_hl=sv\">Industrial Landscape<\/a> of Norrk\u00f6ping.<\/p>\n<p>VCBM will take place in the lecture hall <a href='https:\/\/link.mazemap.com\/vEkJ9RtE' class='dashicons-before dashicons-location'>K1<\/a> in the K\u00e5kenhus building on the LiU campus in Norrk\u00f6ping next to the river. Enter K\u00e5kenhus either from Bredgatan or via the campus foot bridge and follow the signs for K1. The lecture hall is located on the ground floor (floor 2). For directions see <a href=\"https:\/\/link.mazemap.com\/vEkJ9RtE\">here<\/a>. In case an entrance is locked, please go to the entrance next to the campus foot bridge.<\/p>\n<p>The Bio+Med+Vis Summer School takes place in room <a href='https:\/\/link.mazemap.com\/JJa2KBAy' class='dashicons-before dashicons-location'>KO301<\/a> in <a href='https:\/\/link.mazemap.com\/JJa2KBAy'>Kopparhammaren 2<\/a> on the opposite side of the river.<\/p>\n<p><img decoding=\"async\" loading=\"lazy\" class=\"alignnone size-full wp-image-115\" src=\"https:\/\/conferences.eg.org\/vcbm2023\/wp-content\/uploads\/sites\/19\/2023\/07\/kakenhus-liu.jpg\" alt=\"\" width=\"438\" height=\"292\" srcset=\"https:\/\/conferences.eg.org\/vcbm2023\/wp-content\/uploads\/sites\/19\/2023\/07\/kakenhus-liu.jpg 438w, https:\/\/conferences.eg.org\/vcbm2023\/wp-content\/uploads\/sites\/19\/2023\/07\/kakenhus-liu-300x200.jpg 300w\" sizes=\"(max-width: 438px) 100vw, 438px\" \/><\/p>\n<hr \/>\n<h3>Social Events<\/h3>\n<p>During VCBM there will be a number of social events. <\/p>\n<p>The conference dinner will begin at 18:00 and takes place at Harrys, Holmbrogr\u00e4nden 1, which is within walking distance of the conference location.<\/p>\n<hr \/>\n<h3>Accommodation<\/h3>\n<p>Most hotels in Norrk\u00f6ping are within walking distance of the conference venue. You can find an overview <a href=\"https:\/\/visit-norrkoping-se.translate.goog\/overnatta\/temasidor\/hotell-i-city?_x_tr_sl=sv&amp;_x_tr_tl=en&amp;_x_tr_hl=sv\">here<\/a>.<\/p>\n<hr \/>\n<h3 class=\"p2\">Travel Information<\/h3>\n<h4>Flying<\/h4>\n<p>Travel by air to Norrk\u00f6ping can be achieved through two main routes: via Stockholm&#8217;s international airport at Arlanda (ARN), which has connections from all major hubs, or via Link\u00f6ping&#8217;s city airport (LPI) which has daily flights from the major international hub in Amsterdam. In addition, there is the Stockholm Skavsta (NYO) close by in Nyk\u00f6ping which is serving connections to a range of European cities.<\/p>\n<p>From Arlanda there are frequent train services to Norrk\u00f6ping either directly (roughly every two hours) or using the Arlanda Express service to Stockholm&#8217;s central station and then direct services to Norrk\u00f6ping which leave at least once per hour. Direct trains typically take around 2 hours to reach Norrk\u00f6ping.<\/p>\n<p>From Link\u00f6ping a taxi to Norrk\u00f6ping will take approximately 35 minutes while a bus to Link\u00f6ping&#8217;s central station and then a train to Norrk\u00f6ping will take around an hour depending on connections.<\/p>\n<p>From Nyk\u00f6ping there is a frequent airport coach service (<a href=\"https:\/\/flygbussarna.se\">flygbussarna.se<\/a>) to Norrk\u00f6ping taking approx. 1 hour.<\/p>\n<h4>Train services<\/h4>\n<p>Train services via Denmark provide an easy and environmentally friendly route to Norrk\u00f6ping with many direct trains crossing the \u00d6resund bridge daily and arriving in Norrk\u00f6ping some four hours later.<\/p>\n<p>Trains can be booked (in English) through the national rail service SJ <a href=\"https:\/\/www.sj.se\/en\/home.html\">here<\/a> with tickets available either as e-tickets sent by e-mail or for collection from ticket machines at the station.<\/p>\n<hr \/>\n<div class=\"fusion-text\">\n<h3 class=\"p2\" data-fontsize=\"30\" data-lineheight=\"45\">Payments in Sweden<\/h3>\n<\/div>\n<div class=\"fusion-separator sep-single sep-solid\">Sweden is a nearly cashless country. Many places in Sweden like restaurants, cafes, kiosks, pharmacies\u00a0 refuse cash payments and accept cards only. In addition, public transports in most cities do not accept cash payments, either. So you\u2019re not likely to need a great deal of hard currency for your stay in Sweden. Instead, it is advisable to have a credit or debit card that can be used to pay expenses outside your country. Please note that in order to pay or withdraw cash with your credit card it requires that you have a card with chip and PIN (Personal Identification Number). The older magnetic-stripe cards won\u2019t work.<\/div>\n<div class=\"fusion-text\">\n<p>For further information see\u00a0<a href=\"https:\/\/visitsweden.com\/about-sweden\/currency-prices\/\">Currency, credit cards, and money in Sweden<\/a>.<\/p>\n<\/div>\n","protected":false},"excerpt":{"rendered":"<p>This page provides information for attendees such as a links for registration and accommodation, travel information, local events, and tourist information. Registration More information about the conference registration and fees can be found here. Venue VCBM 2023 will take place <a class=\"more-link\" href=\"https:\/\/conferences.eg.org\/vcbm2023\/information-for-attendees\/\">Read More &#8230;<\/a><\/p>\n","protected":false},"author":12,"featured_media":0,"parent":0,"menu_order":0,"comment_status":"closed","ping_status":"closed","template":"","meta":[],"_links":{"self":[{"href":"https:\/\/conferences.eg.org\/vcbm2023\/wp-json\/wp\/v2\/pages\/102"}],"collection":[{"href":"https:\/\/conferences.eg.org\/vcbm2023\/wp-json\/wp\/v2\/pages"}],"about":[{"href":"https:\/\/conferences.eg.org\/vcbm2023\/wp-json\/wp\/v2\/types\/page"}],"author":[{"embeddable":true,"href":"https:\/\/conferences.eg.org\/vcbm2023\/wp-json\/wp\/v2\/users\/12"}],"replies":[{"embeddable":true,"href":"https:\/\/conferences.eg.org\/vcbm2023\/wp-json\/wp\/v2\/comments?post=102"}],"version-history":[{"count":19,"href":"https:\/\/conferences.eg.org\/vcbm2023\/wp-json\/wp\/v2\/pages\/102\/revisions"}],"predecessor-version":[{"id":305,"href":"https:\/\/conferences.eg.org\/vcbm2023\/wp-json\/wp\/v2\/pages\/102\/revisions\/305"}],"wp:attachment":[{"href":"https:\/\/conferences.eg.org\/vcbm2023\/wp-json\/wp\/v2\/media?parent=102"}],"curies":[{"name":"wp","href":"https:\/\/api.w.org\/{rel}","templated":true}]}}