
{"id":294,"date":"2022-09-21T07:42:47","date_gmt":"2022-09-21T07:42:47","guid":{"rendered":"https:\/\/conferences.eg.org\/vcbm2022\/?page_id=294"},"modified":"2022-09-21T09:37:42","modified_gmt":"2022-09-21T09:37:42","slug":"poster-gallery","status":"publish","type":"page","link":"https:\/\/conferences.eg.org\/vcbm2022\/poster-gallery\/","title":{"rendered":"Poster Gallery"},"content":{"rendered":"<p>Click on the images to see full versions of the posters.<\/p>\n<table>\n<tbody>\n<tr>\n<td style=\"text-align: center\"><a href=\"https:\/\/conferences.eg.org\/vcbm2022\/wp-content\/uploads\/sites\/18\/2022\/09\/Poster-Comparative-Visual-Analysis-of-Molecular-Dynamics.pdf\"><img decoding=\"async\" class=\"alignnone size-medium wp-image-340\" src=\"https:\/\/conferences.eg.org\/vcbm2022\/wp-content\/uploads\/sites\/18\/2022\/09\/Poster-Comparative-Visual-Analysis-of-Molecular-Dynamics.png\" alt=\"\" width=\"750\" \/><\/a><br \/>\n<strong>Comparative Visual Analysis of Molecular Dynamics<\/strong><br \/>\n<em>M. Bok, M. Sch\u00e4fer, N. Brich, K. Schreiner, V. F\u00e4\u00dfler, M. Keckeisen, O. Kohlbacher, M. Krone<\/em><\/td>\n<td style=\"text-align: center\"><strong><a href=\"https:\/\/conferences.eg.org\/vcbm2022\/wp-content\/uploads\/sites\/18\/2022\/09\/Poster-A-Topology-based-Approach-Towards-Subject-Specific-Brain.pdf\"><img decoding=\"async\" loading=\"lazy\" class=\"alignnone size-medium wp-image-367\" src=\"https:\/\/conferences.eg.org\/vcbm2022\/wp-content\/uploads\/sites\/18\/2022\/09\/Poster-A-Topology-based-Approach-Towards-Subject-Specific-Brain.png\" alt=\"\" width=\"800\" height=\"600\" \/><\/a>A Topology-based Approach Towards Subject-specific fMRI Analysis<\/strong><br \/>\n<em>F. Rasheed, D. J\u00f6nsson, E. Nilsson, T. Bin Masood, I. Hotz<\/em><\/td>\n<\/tr>\n<tr>\n<td style=\"text-align: center\"><a href=\"https:\/\/conferences.eg.org\/vcbm2022\/wp-content\/uploads\/sites\/18\/2022\/09\/Poster-SpaceWalker-a-Visual-Analytics-Approach-to-Spatial-Transcriptomics-Data-1.pdf\"><img decoding=\"async\" class=\"size-medium wp-image-341\" src=\"https:\/\/conferences.eg.org\/vcbm2022\/wp-content\/uploads\/sites\/18\/2022\/09\/Poster-SpaceWalker-a-Visual-Analytics-Approach-to-Spatial-Transcriptomics-Data.png\" alt=\"\" width=\"750\" \/><\/a><strong>SpaceWalker: a Visual Analytics Approach to Spatial Transcriptomics Data<\/strong><br \/>\n<em>C. Li, T. H\u00f6llt, B.P.F. Lelieveldt<\/em><\/td>\n<td style=\"text-align: center\"><a href=\"https:\/\/conferences.eg.org\/vcbm2022\/wp-content\/uploads\/sites\/18\/2022\/09\/Poster-Calvariam-Visual-Educational-Resources-for-Maxillofacial-Surgery-1.pdf\"><img decoding=\"async\" class=\"size-full wp-image-339\" src=\"https:\/\/conferences.eg.org\/vcbm2022\/wp-content\/uploads\/sites\/18\/2022\/09\/Poster-Calvariam-Visual-Educational-Resources-for-Maxillofacial-Surgery.png\" alt=\"\" width=\"750\" \/><\/a><strong>Calvariam: Visual Educational Resources for Maxillofacial Surgery<\/strong><br \/>\n<em>A. Cherit Hern\u00e1ndez, A. Shilo, P. P\u00e9ry, R. G. Raidou<\/em><\/td>\n<\/tr>\n<tr>\n<td style=\"text-align: center\"><a href=\"https:\/\/conferences.eg.org\/vcbm2022\/wp-content\/uploads\/sites\/18\/2022\/09\/Poster-The-Effectiveness-of-Representations-of-Abstract-Bio-chemical-Processes-in-Education-2.pdf\"><img decoding=\"async\" class=\"size-medium wp-image-341\" src=\"https:\/\/conferences.eg.org\/vcbm2022\/wp-content\/uploads\/sites\/18\/2022\/09\/Poster-The-Effectiveness-of-Representations-of-Abstract-Bio-chemical-Processes-in-Education.png\" alt=\"\" width=\"750\" \/><\/a><strong>The Effectiveness of Representations of Abstract Bio-chemical Processes in Education<\/strong><br \/>\n<em>H. Pokojn\u00e1, B. Kozl\u00edkov\u00e1, K. Furmanov\u00e1, S. Kriglstein<\/em><\/td>\n<td style=\"text-align: center\"><a href=\"https:\/\/conferences.eg.org\/vcbm2022\/wp-content\/uploads\/sites\/18\/2022\/09\/Poster-VRCellLabeler-VCL-Immersive-labeling-of-Platynereis-embryos-cell-lineage-trees-in-Virtual-Reality.pdf\"><img decoding=\"async\" class=\"size-medium wp-image-341\" src=\"https:\/\/conferences.eg.org\/vcbm2022\/wp-content\/uploads\/sites\/18\/2022\/09\/Poster-VRCellLabeler-VCL-Immersive-labeling-of-Platynereis-embryos-cell-lineage-trees-in-Virtual-Reality.png\" alt=\"\" width=\"750\" \/><\/a><strong>VRCellLabeler(VCL): Immersive labeling of Platynereisembryo&#8217;s cell lineage trees in Virtual Reality<\/strong><br \/>\n<em>M. T. Oyshi, B. Russig, R. Dachselt, S. Gumhold<\/em><\/td>\n<\/tr>\n<\/tbody>\n<\/table>\n","protected":false},"excerpt":{"rendered":"<p>Click on the images to see full versions of the posters. Comparative Visual Analysis of Molecular Dynamics M. Bok, M. Sch\u00e4fer, N. Brich, K. Schreiner, V. F\u00e4\u00dfler, M. Keckeisen, O. Kohlbacher, M. Krone A Topology-based Approach Towards Subject-specific fMRI Analysis <a class=\"more-link\" href=\"https:\/\/conferences.eg.org\/vcbm2022\/poster-gallery\/\">Read More &#8230;<\/a><\/p>\n","protected":false},"author":25,"featured_media":0,"parent":0,"menu_order":0,"comment_status":"closed","ping_status":"closed","template":"","meta":[],"_links":{"self":[{"href":"https:\/\/conferences.eg.org\/vcbm2022\/wp-json\/wp\/v2\/pages\/294"}],"collection":[{"href":"https:\/\/conferences.eg.org\/vcbm2022\/wp-json\/wp\/v2\/pages"}],"about":[{"href":"https:\/\/conferences.eg.org\/vcbm2022\/wp-json\/wp\/v2\/types\/page"}],"author":[{"embeddable":true,"href":"https:\/\/conferences.eg.org\/vcbm2022\/wp-json\/wp\/v2\/users\/25"}],"replies":[{"embeddable":true,"href":"https:\/\/conferences.eg.org\/vcbm2022\/wp-json\/wp\/v2\/comments?post=294"}],"version-history":[{"count":9,"href":"https:\/\/conferences.eg.org\/vcbm2022\/wp-json\/wp\/v2\/pages\/294\/revisions"}],"predecessor-version":[{"id":312,"href":"https:\/\/conferences.eg.org\/vcbm2022\/wp-json\/wp\/v2\/pages\/294\/revisions\/312"}],"wp:attachment":[{"href":"https:\/\/conferences.eg.org\/vcbm2022\/wp-json\/wp\/v2\/media?parent=294"}],"curies":[{"name":"wp","href":"https:\/\/api.w.org\/{rel}","templated":true}]}}