
{"id":334,"date":"2021-09-14T08:53:48","date_gmt":"2021-09-14T08:53:48","guid":{"rendered":"https:\/\/conferences.eg.org\/vcbm2021\/?page_id=334"},"modified":"2021-09-16T12:55:52","modified_gmt":"2021-09-16T12:55:52","slug":"poster-gallery","status":"publish","type":"page","link":"https:\/\/conferences.eg.org\/vcbm2021\/poster-gallery\/","title":{"rendered":"Poster Gallery"},"content":{"rendered":"<p>Click on the images to see full versions of the posters.<\/p>\n<table>\n<tbody>\n<tr>\n<td style=\"text-align: center\"><a href=\"https:\/\/conferences.eg.org\/vcbm2021\/wp-content\/uploads\/sites\/16\/2021\/09\/01_ivanovska_poster.pdf\"><img decoding=\"async\" class=\"alignnone size-medium wp-image-340\" src=\"https:\/\/conferences.eg.org\/vcbm2021\/wp-content\/uploads\/sites\/16\/2021\/09\/01_ivanovska_poster_crop-800x600.jpg\" alt=\"\" width=\"750\" srcset=\"https:\/\/conferences.eg.org\/vcbm2021\/wp-content\/uploads\/sites\/16\/2021\/09\/01_ivanovska_poster_crop-800x600.jpg 800w, https:\/\/conferences.eg.org\/vcbm2021\/wp-content\/uploads\/sites\/16\/2021\/09\/01_ivanovska_poster_crop-1024x768.jpg 1024w, https:\/\/conferences.eg.org\/vcbm2021\/wp-content\/uploads\/sites\/16\/2021\/09\/01_ivanovska_poster_crop-768x576.jpg 768w, https:\/\/conferences.eg.org\/vcbm2021\/wp-content\/uploads\/sites\/16\/2021\/09\/01_ivanovska_poster_crop-1536x1153.jpg 1536w, https:\/\/conferences.eg.org\/vcbm2021\/wp-content\/uploads\/sites\/16\/2021\/09\/01_ivanovska_poster_crop.jpg 1999w\" sizes=\"(max-width: 800px) 100vw, 800px\" \/><\/a><br \/>\n<strong>On Data-related and Methodological Challenges in Analysis of Structures From Population-based MRIs: An Obstructive Sleep Apnea Application<\/strong><br \/>\n<em>Tatyana Ivanovska, Amro Daboul, Oleksandr Kalentev<\/em><\/td>\n<td style=\"text-align: center\"><strong><a href=\"https:\/\/conferences.eg.org\/vcbm2021\/wp-content\/uploads\/sites\/16\/2021\/09\/02_palleschi_poster.pdf\"><img decoding=\"async\" loading=\"lazy\" class=\"alignnone size-medium wp-image-367\" src=\"https:\/\/conferences.eg.org\/vcbm2021\/wp-content\/uploads\/sites\/16\/2021\/09\/02_palleschi_poster_cropped-800x600.jpg\" alt=\"\" width=\"800\" height=\"600\" srcset=\"https:\/\/conferences.eg.org\/vcbm2021\/wp-content\/uploads\/sites\/16\/2021\/09\/02_palleschi_poster_cropped-800x600.jpg 800w, https:\/\/conferences.eg.org\/vcbm2021\/wp-content\/uploads\/sites\/16\/2021\/09\/02_palleschi_poster_cropped-1024x768.jpg 1024w, https:\/\/conferences.eg.org\/vcbm2021\/wp-content\/uploads\/sites\/16\/2021\/09\/02_palleschi_poster_cropped-768x576.jpg 768w, https:\/\/conferences.eg.org\/vcbm2021\/wp-content\/uploads\/sites\/16\/2021\/09\/02_palleschi_poster_cropped-1536x1153.jpg 1536w, https:\/\/conferences.eg.org\/vcbm2021\/wp-content\/uploads\/sites\/16\/2021\/09\/02_palleschi_poster_cropped.jpg 1651w\" sizes=\"(max-width: 800px) 100vw, 800px\" \/><\/a>NetLas: Toward an integrated atlas for exploration and analysis of network medicine data<\/strong><br \/>\n<em>Alessia Palleschi, Marco Angelini<\/em><\/td>\n<\/tr>\n<tr>\n<td style=\"text-align: center\"><a href=\"https:\/\/conferences.eg.org\/vcbm2021\/wp-content\/uploads\/sites\/16\/2021\/09\/03_daghrir_poster.pdf\"><img decoding=\"async\" class=\"size-medium wp-image-341\" src=\"https:\/\/conferences.eg.org\/vcbm2021\/wp-content\/uploads\/sites\/16\/2021\/09\/03_daghrir_poster-800x600.jpg\" alt=\"\" width=\"750\" srcset=\"https:\/\/conferences.eg.org\/vcbm2021\/wp-content\/uploads\/sites\/16\/2021\/09\/03_daghrir_poster-800x600.jpg 800w, https:\/\/conferences.eg.org\/vcbm2021\/wp-content\/uploads\/sites\/16\/2021\/09\/03_daghrir_poster-1024x768.jpg 1024w, https:\/\/conferences.eg.org\/vcbm2021\/wp-content\/uploads\/sites\/16\/2021\/09\/03_daghrir_poster-768x576.jpg 768w, https:\/\/conferences.eg.org\/vcbm2021\/wp-content\/uploads\/sites\/16\/2021\/09\/03_daghrir_poster-1536x1152.jpg 1536w, https:\/\/conferences.eg.org\/vcbm2021\/wp-content\/uploads\/sites\/16\/2021\/09\/03_daghrir_poster.jpg 2000w\" sizes=\"(max-width: 800px) 100vw, 800px\" \/><\/a><strong>Skin lesion diagnosis for an early inspection of melanoma skin cancer<\/strong><br \/>\n<em>Jinen Daghrir, Lotfi Tlig, Moez Bouchouicha, Mounir Sayadi<\/em><\/td>\n<td style=\"text-align: center\"><a href=\"https:\/\/conferences.eg.org\/vcbm2021\/wp-content\/uploads\/sites\/16\/2021\/09\/04_cabrera_poster.pdf\"><img decoding=\"async\" class=\"size-full wp-image-339\" src=\"https:\/\/conferences.eg.org\/vcbm2021\/wp-content\/uploads\/sites\/16\/2021\/09\/04_cabrera_poster_cropped.jpg\" alt=\"\" width=\"750\" \/><\/a><strong>Virtual Reality for Studying Cardiovascular Anatomy by Assembling Elements<\/strong><br \/>\n<em>Jos\u00e9 Juan Reyes-Cabrera, Jos\u00e9 Miguel Santana-N\u00fa\u00f1ez, Agust\u00edn Trujillo-Pino, Manuel Maynar, Miguel \u00c1ngel Rodr\u00edguez-Florido<\/em><\/td>\n<\/tr>\n<\/tbody>\n<\/table>\n","protected":false},"excerpt":{"rendered":"<p>Click on the images to see full versions of the posters. On Data-related and Methodological Challenges in Analysis of Structures From Population-based MRIs: An Obstructive Sleep Apnea Application Tatyana Ivanovska, Amro Daboul, Oleksandr Kalentev NetLas: Toward an integrated atlas for <a class=\"more-link\" href=\"https:\/\/conferences.eg.org\/vcbm2021\/poster-gallery\/\">Read More &#8230;<\/a><\/p>\n","protected":false},"author":25,"featured_media":0,"parent":0,"menu_order":0,"comment_status":"closed","ping_status":"closed","template":"","meta":[],"_links":{"self":[{"href":"https:\/\/conferences.eg.org\/vcbm2021\/wp-json\/wp\/v2\/pages\/334"}],"collection":[{"href":"https:\/\/conferences.eg.org\/vcbm2021\/wp-json\/wp\/v2\/pages"}],"about":[{"href":"https:\/\/conferences.eg.org\/vcbm2021\/wp-json\/wp\/v2\/types\/page"}],"author":[{"embeddable":true,"href":"https:\/\/conferences.eg.org\/vcbm2021\/wp-json\/wp\/v2\/users\/25"}],"replies":[{"embeddable":true,"href":"https:\/\/conferences.eg.org\/vcbm2021\/wp-json\/wp\/v2\/comments?post=334"}],"version-history":[{"count":17,"href":"https:\/\/conferences.eg.org\/vcbm2021\/wp-json\/wp\/v2\/pages\/334\/revisions"}],"predecessor-version":[{"id":370,"href":"https:\/\/conferences.eg.org\/vcbm2021\/wp-json\/wp\/v2\/pages\/334\/revisions\/370"}],"wp:attachment":[{"href":"https:\/\/conferences.eg.org\/vcbm2021\/wp-json\/wp\/v2\/media?parent=334"}],"curies":[{"name":"wp","href":"https:\/\/api.w.org\/{rel}","templated":true}]}}