
{"id":237,"date":"2021-09-02T14:59:08","date_gmt":"2021-09-02T14:59:08","guid":{"rendered":"https:\/\/conferences.eg.org\/vcbm2021\/?page_id=237"},"modified":"2021-09-22T16:03:24","modified_gmt":"2021-09-22T16:03:24","slug":"program","status":"publish","type":"page","link":"https:\/\/conferences.eg.org\/vcbm2021\/program\/","title":{"rendered":"Program"},"content":{"rendered":"<p>Here you can find the conference program and the list of accepted papers. The conference papers can be accessed <a href=\"https:\/\/diglib.eg.org\/handle\/10.2312\/2633086\">here<\/a>.<\/p>\n<p>You can also download the program in <a href=\"https:\/\/conferences.eg.org\/vcbm2021\/wp-content\/uploads\/sites\/16\/2021\/09\/VCBM_Program-1.pdf\">a regular A4 format<\/a> or in <a href=\"https:\/\/conferences.eg.org\/vcbm2021\/wp-content\/uploads\/sites\/16\/2021\/09\/VCBM_Program-booklet-1.pdf\">a booklet format for printing<\/a> (print on A4 for A5 booklet).<\/p>\n<table>\n<colgroup>\n<col style=\"width: 13%\" span=\"1\" \/>\n<col style=\"width: 29%\" span=\"1\" \/>\n<col style=\"width: 29%\" span=\"1\" \/> <\/colgroup>\n<colgroup>\n<col style=\"width: 29%\" span=\"1\" \/><\/colgroup>\n<tbody>\n<tr>\n<td><\/td>\n<td>Wed 22<\/td>\n<td>Thu 23<\/td>\n<td>Fri 24<\/td>\n<\/tr>\n<tr>\n<td>9:00<\/td>\n<td><\/td>\n<td style=\"background-color: #ffdaa3\">Registration<\/td>\n<td style=\"background-color: #ffdaa3\">Registration<\/td>\n<\/tr>\n<tr>\n<td>9:30<\/td>\n<td><\/td>\n<td style=\"background-color: #d8f0d9\"><a href=\"https:\/\/conferences.eg.org\/vcbm2021\/program\/#s2\">Session 2<\/a><\/td>\n<td style=\"background-color: #d8f0d9\"><a href=\"https:\/\/conferences.eg.org\/vcbm2021\/program\/#s5\">Session 5<\/a><\/td>\n<\/tr>\n<tr>\n<td>10:00<\/td>\n<td><\/td>\n<td style=\"background-color: #d8f0d9\"><a href=\"https:\/\/conferences.eg.org\/vcbm2021\/program\/#s2\">Session 2<\/a><\/td>\n<td style=\"background-color: #d8f0d9\"><a href=\"https:\/\/conferences.eg.org\/vcbm2021\/program\/#s5\">Session 5<\/a><\/td>\n<\/tr>\n<tr>\n<td>10:30<\/td>\n<td><\/td>\n<td style=\"background-color: #d8f0d9\"><a href=\"https:\/\/conferences.eg.org\/vcbm2021\/program\/#s2\">Session 2<\/a><\/td>\n<td style=\"background-color: #d8f0d9\"><a href=\"https:\/\/conferences.eg.org\/vcbm2021\/program\/#s5\">Session 5<\/a><\/td>\n<\/tr>\n<tr>\n<td>11:00<\/td>\n<td><\/td>\n<td style=\"background-color: #e6e6e6\">Break<\/td>\n<td style=\"background-color: #e6e6e6\">Break<\/td>\n<\/tr>\n<tr>\n<td>11:30<\/td>\n<td><\/td>\n<td style=\"background-color: #d8f0d9\"><a href=\"https:\/\/conferences.eg.org\/vcbm2021\/program\/#s3\">Session 3<\/a><\/td>\n<td style=\"background-color: #f5a682\"><a href=\"https:\/\/conferences.eg.org\/vcbm2021\/program\/#panel\">Panel<\/a><\/td>\n<\/tr>\n<tr>\n<td>12:00<\/td>\n<td><\/td>\n<td style=\"background-color: #d8f0d9\"><a href=\"https:\/\/conferences.eg.org\/vcbm2021\/program\/#s3\">Session 3<\/a><\/td>\n<td style=\"background-color: #f5a682\"><a href=\"https:\/\/conferences.eg.org\/vcbm2021\/program\/#panel\">Panel<\/a><\/td>\n<\/tr>\n<tr>\n<td>12:30<\/td>\n<td><\/td>\n<td style=\"background-color: #d8f0d9\"><a href=\"https:\/\/conferences.eg.org\/vcbm2021\/program\/#s3\">Session 3<\/a><\/td>\n<td style=\"background-color: #f5a682\"><a href=\"https:\/\/conferences.eg.org\/vcbm2021\/program\/#panel\">Panel<\/a><\/td>\n<\/tr>\n<tr>\n<td>13:00<\/td>\n<td><\/td>\n<td style=\"background-color: #e6e6e6\">Lunch<\/td>\n<td style=\"background-color: #e6e6e6\">Lunch<\/td>\n<\/tr>\n<tr>\n<td>13:30<\/td>\n<td><\/td>\n<td style=\"background-color: #e6e6e6\">Lunch<\/td>\n<td style=\"background-color: #e6e6e6\">Lunch<\/td>\n<\/tr>\n<tr>\n<td>14:00<\/td>\n<td style=\"background-color: #ffdaa3\">Registration<\/td>\n<td style=\"background-color: #e6e6e6\">Lunch<\/td>\n<td style=\"background-color: #e6e6e6\">Lunch<\/td>\n<\/tr>\n<tr>\n<td>14:30<\/td>\n<td style=\"background-color: #e2d1e3\">Opening<\/td>\n<td style=\"background-color: #d8f0d9\"><a href=\"https:\/\/conferences.eg.org\/vcbm2021\/program\/#s4\">Session 4<\/a><\/td>\n<td style=\"background-color: #d8f0d9\"><a href=\"https:\/\/conferences.eg.org\/vcbm2021\/program\/#s6\">Session 6<\/a><\/td>\n<\/tr>\n<tr>\n<td>15:00<\/td>\n<td style=\"background-color: #d8e2f0\"><a href=\"https:\/\/conferences.eg.org\/vcbm2021\/for-attendees\/invited-talks\/#key\">Keynote<\/a><\/td>\n<td style=\"background-color: #d8f0d9\">\u00a0<a href=\"https:\/\/conferences.eg.org\/vcbm2021\/program\/#s4\">Session 4<\/a><\/td>\n<td style=\"background-color: #d8f0d9\"><a href=\"https:\/\/conferences.eg.org\/vcbm2021\/program\/#s6\">Session 6<\/a><\/td>\n<\/tr>\n<tr>\n<td>15:30<\/td>\n<td style=\"background-color: #d8e2f0\"><a href=\"https:\/\/conferences.eg.org\/vcbm2021\/for-attendees\/invited-talks\/#key\">Keynote<\/a><\/td>\n<td style=\"background-color: #d8f0d9\">\u00a0<a href=\"https:\/\/conferences.eg.org\/vcbm2021\/program\/#s4\">Session 4<\/a><\/td>\n<td style=\"background-color: #d8f0d9\"><a href=\"https:\/\/conferences.eg.org\/vcbm2021\/program\/#s6\">Session 6<\/a><\/td>\n<\/tr>\n<tr>\n<td>16:00<\/td>\n<td style=\"background-color: #e6e6e6\">Break<\/td>\n<td style=\"background-color: #e6e6e6\">Break<\/td>\n<td style=\"background-color: #e6e6e6\">Break<\/td>\n<\/tr>\n<tr>\n<td>16:30<\/td>\n<td style=\"background-color: #d8f0d9\"><a href=\"https:\/\/conferences.eg.org\/vcbm2021\/program\/#s1\">Session 1<\/a><\/td>\n<td style=\"background-color: #dbbdd3\"><a href=\"https:\/\/conferences.eg.org\/vcbm2021\/image-contest-gallery\/\">Image Contest<\/a><\/td>\n<td style=\"background-color: #d8e2f0\"><a href=\"https:\/\/conferences.eg.org\/vcbm2021\/for-attendees\/invited-talks\/#cap\">Capstone<\/a><\/td>\n<\/tr>\n<tr>\n<td>17:00<\/td>\n<td style=\"background-color: #d8f0d9\"><a href=\"https:\/\/conferences.eg.org\/vcbm2021\/program\/#s1\">Session 1<\/a><\/td>\n<td style=\"background-color: #b0cfa7\"><a href=\"https:\/\/conferences.eg.org\/vcbm2021\/program\/#ps\">Poster Lightning Talks<\/a><\/td>\n<td style=\"background-color: #d8e2f0\"><a href=\"https:\/\/conferences.eg.org\/vcbm2021\/for-attendees\/invited-talks\/#cap\">Capstone<\/a><\/td>\n<\/tr>\n<tr>\n<td>17:30<\/td>\n<td style=\"background-color: #d8f0d9\"><a href=\"https:\/\/conferences.eg.org\/vcbm2021\/program\/#s1\">Session 1<\/a><\/td>\n<td style=\"background-color: #b0cfa7\"><a href=\"https:\/\/conferences.eg.org\/vcbm2021\/program\/#ps\">Poster Session<\/a><\/td>\n<td style=\"background-color: #e2d1e3\">Awards and Closing<\/td>\n<\/tr>\n<tr>\n<td>18:00<\/td>\n<td style=\"background-color: #e6e6e6\">Opening Reception<\/td>\n<td style=\"background-color: #b0cfa7\"><a href=\"https:\/\/conferences.eg.org\/vcbm2021\/program\/#ps\">Poster Session<\/a><\/td>\n<td><\/td>\n<\/tr>\n<tr>\n<td>18:30<\/td>\n<td style=\"background-color: #e6e6e6\">Opening Reception<\/td>\n<td><\/td>\n<td><\/td>\n<\/tr>\n<tr>\n<td>19:00<\/td>\n<td style=\"background-color: #e6e6e6\">Opening Reception<\/td>\n<td style=\"background-color: #e6e6e6\">Dinner<\/td>\n<td><\/td>\n<\/tr>\n<\/tbody>\n<\/table>\n<h4 id=\"s1\">Full Program<\/h4>\n<h5><strong>Session 1: Getting an overview in bio (and medicine)<\/strong><\/h5>\n<h6><strong>Session chair: Barbora Kozl\u00edkov\u00e1<\/strong><\/h6>\n<h6><strong>(Wednesday 16:30-18:00)<\/strong><\/h6>\n<p>An Exploration of Practice and Preferences for the Visual Communication of Biomedical Processes (Full paper)<br \/>\n<em>Laura Garrison, Monique Meuschke, Jennifer Fairman, Noeska Smit, Bernhard Preim, Stefan Bruckner<\/em><\/p>\n<p>Interactive analysis for large volume data from fluorescence microscopy at cellular precision (Invited journal paper)<br \/>\n<em><span class=\"content\"><span class=\"text given-name\">Yong <\/span><span class=\"text surname\">Wan, <\/span><\/span><span class=\"content\"><span class=\"text given-name\">Holly A. <\/span><span class=\"text surname\">Holman, <\/span><\/span><span class=\"content\"><span class=\"text given-name\">Charles <\/span><span class=\"text surname\">Hansen<\/span><\/span><\/em><br \/>\n<a href=\"https:\/\/doi.org\/10.1016\/j.cag.2021.05.006\">https:\/\/doi.org\/10.1016\/j.cag.2021.05.006<\/a><\/p>\n<p>Polar space based shape averaging for star-shaped biological objects (Short paper)<br \/>\n<em>Karina Ruzaeva, Katharina N\u00f6h, Benjamin Berkels<\/em><\/p>\n<p>Vologram: An Educational Holographic Sculpture for Volumetric Medical Data Physicalization (Short paper)<br \/>\n<em>Daniel Pahr, Hsiang-Yun Wu, Renata Georgia Raidou<\/em><br \/>\n<a id=\"s2\"><\/a><\/p>\n<h5><strong>Session 2: Shooting rays of sorts through people<\/strong><\/h5>\n<h6><strong>Session chair: Thomas Schultz<\/strong><\/h6>\n<h6><strong>(Thursday 9:30-11:00)<\/strong><\/h6>\n<p>inCCsight: A software for exploration and visualization of DT-MRI data of the Corpus Callosum (Invited journal paper)<br \/>\n<em><span class=\"content\"><span class=\"text given-name\">Thais <\/span><span class=\"text surname\">Caldeira, <\/span><\/span><span class=\"content\"><span class=\"text given-name\">P<\/span><\/span><span class=\"content\"><span class=\"text given-name\">aulo Rog\u00e9rio <\/span><\/span><span class=\"content\"><span class=\"text surname\">Julio, <\/span><\/span><span class=\"content\"><span class=\"text given-name\">Simone <\/span><span class=\"text surname\">Appenzeller, <\/span><\/span><span class=\"content\"><span class=\"text given-name\">Leticia <\/span><span class=\"text surname\">Rittner<\/span><\/span><\/em><br \/>\n<a href=\"https:\/\/doi.org\/10.1016\/j.cag.2021.07.012\">https:\/\/doi.org\/10.1016\/j.cag.2021.07.012<\/a><\/p>\n<p>PREVIS: Predictive visual analytics of anatomical variability for radiotherapy decision support (Invited journal paper)<br \/>\n<em><span class=\"content\"><span class=\"text given-name\">Katar\u00edna <\/span><span class=\"text surname\">Furmanov\u00e1, <\/span><\/span><span class=\"content\"><span class=\"text given-name\">Ludvig P. <\/span><span class=\"text surname\">Muren<span style=\"font-size: 11.25px\">, <\/span><\/span><\/span><span class=\"content\"><span class=\"text given-name\">Oscar <\/span><span class=\"text surname\">Casares-Magaz, <\/span><\/span><span class=\"content\"><span class=\"text given-name\">Vitali <\/span><span class=\"text surname\">Moiseenko, <\/span><\/span><span class=\"content\"><span class=\"text given-name\">John P. <\/span><span class=\"text surname\">Einck, <\/span><\/span><span class=\"content\"><span class=\"text given-name\">Sara <\/span><span class=\"text surname\">Pilskog, <\/span><\/span><span class=\"content\"><span class=\"text given-name\">Renata Georgia <\/span><span class=\"text surname\">Raidou<\/span><\/span><\/em><br \/>\n<a href=\"https:\/\/doi.org\/10.1016\/j.cag.2021.04.010\">https:\/\/doi.org\/10.1016\/j.cag.2021.04.010<\/a><\/p>\n<p>Strategies for Generating Multi-Time Frame Localization of Cardiac MRI (Short paper)<br \/>\n<em>Samin Sabokrohiyeh, Kathleen Ang, Faramarz Samavati<\/em><\/p>\n<p>Visual Assessment of Growth Prediction in Brain Structures after Pediatric Radiotherapy (Short paper)<br \/>\n<em>Caroline Magg, Laura Toussaint, Ludvig P. Muren, Danny Indelicato, Renata Georgia Raidou<\/em><br \/>\n<a id=\"s3\"><\/a><\/p>\n<h5><strong>Session 3: Let&#8217;s look into your brains<\/strong><\/h5>\n<h6><strong>Session chair:\u00a0Bernhard Preim<\/strong><\/h6>\n<h6><strong>(Thursday 11:30-13:00)<\/strong><\/h6>\n<p>The Role of Depth Perception in XR from a Neuroscience Perspective: A Primer and Survey (Full paper)<br \/>\n<em>Vetle Hushagen, Gustav Tresselt, Noeska Smit, Karsten Specht<\/em><\/p>\n<p>Reducing Model Uncertainty in Crossing Fiber Tractography (Full paper)<br \/>\n<em>Johannes Gruen, Gemma van der Voort, Thomas Schultz<\/em><\/p>\n<p>Interactive Multimodal Imaging Visualization for Multiple Sclerosis Lesion Analysis (Full paper)<br \/>\n<em>Sherin Sugathan, Hauke Bartsch, Frank Riemer, Renate Gruner, Kai Lawonn, Noeska Smit<\/em><br \/>\n<a id=\"s4\"><\/a><\/p>\n<h5><strong>Session 4: The path that blood takes<\/strong><\/h5>\n<h6><strong>Session chair: Ingrid Hotz<\/strong><\/h6>\n<h6><strong> (Thursday 14:30-16:00)<\/strong><\/h6>\n<p>Automatic Cutting and Flattening of Carotid Artery Geometries (Full paper)<br \/>\n<em>Pepe Eulzer, Kevin Richter, Monique Meuschke, Anna Hundertmark, Kai Lawonn<\/em><\/p>\n<p>2.5D Geometric Mapping of Aortic Blood Flow Data for Cohort Visualization (Full paper)<br \/>\n<em>Benjamin Behrendt, David Pleuss-Engelhardt, Matthias Gutberlet, Bernhard Preim<\/em><\/p>\n<p>Automatic Animations to Analyze Blood Flow Data (Short paper)<br \/>\n<em>Vikram Apilla, Benjamin Behrendt, Kai Lawonn, Bernhard Preim, Monique Meuschke<\/em><\/p>\n<p>Shading Style Assessment for Vessel Wall and Lumen Visualization (Short paper)<br \/>\n<em>Kai Ostendorf, Domenico Mastrodicasa, Kathrin B\u00e4umler, Marina Codari, Valery Turner, Martin Willemink, Dominik Fleischmann, Bernhard Preim, Gabriel Mistelbauer<\/em><br \/>\n<a id=\"s5\"><\/a><\/p>\n<h5><strong>Session 5: From the spatial to the abstract<\/strong><\/h5>\n<h6><strong>Session chair: Renata Georgia Raidou<\/strong><\/h6>\n<h6><strong>(Friday 9:30-11:00)<\/strong><\/h6>\n<p>Estimating depth information of vascular models: A comparative user study between a virtual reality and a desktop application (Invited journal paper)<br \/>\n<em><span class=\"content\"><span class=\"text given-name\">Florian <\/span><span class=\"text surname\">Heinrich, <\/span><\/span><span class=\"content\"><span class=\"text given-name\">Vikram <\/span><span class=\"text surname\">Apilla, <\/span><\/span><span class=\"content\"><span class=\"text given-name\">Kai <\/span><span class=\"text surname\">Lawonn, <\/span><\/span><span class=\"content\"><span class=\"text given-name\">Christian <\/span><span class=\"text surname\">Hansen, <\/span><\/span><span class=\"content\"><span class=\"text given-name\">Bernhard <\/span><span class=\"text surname\">Preim, <\/span><\/span><span class=\"content\"><span class=\"text given-name\">Monique <\/span><span class=\"text surname\">Meuschke<\/span><\/span><\/em><br \/>\n<a href=\"https:\/\/doi.org\/10.1016\/j.cag.2021.05.014\">https:\/\/doi.org\/10.1016\/j.cag.2021.05.014<\/a><\/p>\n<p>Multiple Scale Visualization of Electronic Health Records to Support Finding Medical Narratives (Full paper)<br \/>\n<em>Sanne van der Linden, Jarke J. van Wijk, Mathias Funk<\/em><\/p>\n<p>PerSleep: A Visual Analytics Approach for Performance Assessment of Sleep Staging Models (Full paper)<br \/>\n<em>Humberto Garcia Caballero, Alberto Corvo, Fokke van Meulen, Pedro Fonseca, Sebasitaan Overeem, Jarke J. van Wijk, Michel Westenberg<\/em><br \/>\n<a id=\"s6\"><\/a><\/p>\n<h5><strong>Session 6: Conspiring to cut people open<\/strong><\/h5>\n<h6><strong>Session chair: Noeska Smit<\/strong><\/h6>\n<h6><strong> (Friday 14:30-16:00)<\/strong><\/h6>\n<p>AR-Assisted Craniotomy Planning for Tumour Resection (Full paper)<br \/>\n<em>Joost Wooning, Mohamed Benmahdjoub, Theo van Walsum, Ricardo Marroquim<\/em><\/p>\n<p>Projection Mapping for In-Situ Surgery Planning by the Example of DIEP Flap Breast Reconstruction (Full paper)<br \/>\n<em>Jana Martschinke, Vanessa Klein, Philipp Kurth, Klaus Engel, Ingo Ludolph, Theresa Hauck, Raymund Horch, Marc Stamminger<\/em><\/p>\n<p>A collaborative virtual reality environment for liver surgery planning (Invited journal paper)<br \/>\n<em><span class=\"content\"><span class=\"text given-name\">Vuthea <\/span><span class=\"text surname\">Chheang, <\/span><\/span><span class=\"content\"><span class=\"text given-name\">Patrick <\/span><span class=\"text surname\">Saalfeld, <\/span><\/span><span class=\"content\"><span class=\"text given-name\">Fabian <\/span><span class=\"text surname\">Joeres, <\/span><\/span><span class=\"content\"><span class=\"text given-name\">Christian <\/span><span class=\"text surname\">Boedecker, <\/span><\/span><span class=\"content\"><span class=\"text given-name\">Tobias <\/span><span class=\"text surname\">Huber, <\/span><\/span><span class=\"content\"><span class=\"text given-name\">Florentine <\/span><span class=\"text surname\">Huettl, <\/span><\/span><span class=\"content\"><span class=\"text given-name\">Hauke <\/span><span class=\"text surname\">Lang, <\/span><\/span><span class=\"content\"><span class=\"text given-name\">Bernhard <\/span><span class=\"text surname\">Preim, <\/span><\/span><span class=\"content\"><span class=\"text given-name\">Christian <\/span><span class=\"text surname\">Hansen<\/span><\/span><\/em><br \/>\n<a href=\"https:\/\/doi.org\/10.1016\/j.cag.2021.07.009\">https:\/\/doi.org\/10.1016\/j.cag.2021.07.009<\/a><\/p>\n<h5 id=\"ps\"><strong>Posters Session <\/strong><\/h5>\n<h6><strong>(Thursday 17:00-18:30)<\/strong><\/h6>\n<p>See also our <a href=\"https:\/\/conferences.eg.org\/vcbm2021\/poster-gallery\/\">poster gallery<\/a>.<\/p>\n<p><a style=\"color: #404040\" href=\"https:\/\/conferences.eg.org\/vcbm2021\/wp-content\/uploads\/sites\/16\/2021\/09\/01_ivanovska_poster.pdf\"><img decoding=\"async\" loading=\"lazy\" class=\"alignnone size-full wp-image-331\" src=\"https:\/\/conferences.eg.org\/vcbm2021\/wp-content\/uploads\/sites\/16\/2021\/09\/pdf_icon.png\" alt=\"\" width=\"16\" height=\"20\" \/> On Data-related and Methodological Challenges in Analysis of Structures From Population-based MRIs: An Obstructive Sleep Apnea Application<\/a><br \/>\n<em>Tatyana Ivanovska, Amro Daboul, Oleksandr Kalentev<\/em><\/p>\n<p><a style=\"color: #404040\" href=\"https:\/\/conferences.eg.org\/vcbm2021\/wp-content\/uploads\/sites\/16\/2021\/09\/02_palleschi_poster.pdf\"><img decoding=\"async\" loading=\"lazy\" class=\"alignnone size-full wp-image-331\" src=\"https:\/\/conferences.eg.org\/vcbm2021\/wp-content\/uploads\/sites\/16\/2021\/09\/pdf_icon.png\" alt=\"\" width=\"16\" height=\"20\" \/> NetLas: Toward an integrated atlas for exploration and analysis of network medicine data<\/a><br \/>\n<em>Alessia Palleschi, Marco Angelini<\/em><\/p>\n<p><a style=\"color: #404040\" href=\"https:\/\/conferences.eg.org\/vcbm2021\/wp-content\/uploads\/sites\/16\/2021\/09\/03_daghrir_poster.pdf\"><img decoding=\"async\" loading=\"lazy\" class=\"alignnone size-full wp-image-331\" src=\"https:\/\/conferences.eg.org\/vcbm2021\/wp-content\/uploads\/sites\/16\/2021\/09\/pdf_icon.png\" alt=\"\" width=\"16\" height=\"20\" \/> Skin lesion diagnosis for an early inspection of\u00a0melanoma skin cancer<\/a><br \/>\n<em>Jinen Daghrir<\/em>, Lotfi Tlig, Moez Bouchouicha, Mounir Sayadi<\/p>\n<p><a style=\"color: #404040\" href=\"https:\/\/conferences.eg.org\/vcbm2021\/wp-content\/uploads\/sites\/16\/2021\/09\/04_cabrera_poster.pdf\"><img decoding=\"async\" loading=\"lazy\" class=\"alignnone size-full wp-image-331\" src=\"https:\/\/conferences.eg.org\/vcbm2021\/wp-content\/uploads\/sites\/16\/2021\/09\/pdf_icon.png\" alt=\"\" width=\"16\" height=\"20\" \/> Virtual Reality for Studying Cardiovascular Anatomy by\u00a0Assembling Elements<\/a><br \/>\n<em>Jos\u00e9 Juan Reyes-Cabrera, Jos\u00e9 Miguel Santana-N\u00fa\u00f1ez, <span class=\"content\"><span class=\"text given-name\">Agust\u00edn<\/span><\/span> Trujillo-Pino, Manuel Maynar, Miguel \u00c1ngel Rodr\u00edguez-Florido<\/em><\/p>\n<h5 id=\"panel\"><strong>Panel Discussion\u00a0<\/strong><\/h5>\n<h6><strong>Session chairs: Christina Gillmann and Noeska Smit<\/strong><\/h6>\n<h6><strong>(Friday 11:30-13:00)<\/strong><\/h6>\n<p>Open Challenges in Biological and Medical Visualization<br \/>\n<em>Bernhard Preim, Thomas Wischgoll, Jan By\u0161ka, Michael Krone<\/em><\/p>\n","protected":false},"excerpt":{"rendered":"<p>Here you can find the conference program and the list of accepted papers. The conference papers can be accessed here. You can also download the program in a regular A4 format or in a booklet format for printing (print on <a class=\"more-link\" href=\"https:\/\/conferences.eg.org\/vcbm2021\/program\/\">Read More &#8230;<\/a><\/p>\n","protected":false},"author":25,"featured_media":0,"parent":0,"menu_order":0,"comment_status":"closed","ping_status":"closed","template":"","meta":[],"_links":{"self":[{"href":"https:\/\/conferences.eg.org\/vcbm2021\/wp-json\/wp\/v2\/pages\/237"}],"collection":[{"href":"https:\/\/conferences.eg.org\/vcbm2021\/wp-json\/wp\/v2\/pages"}],"about":[{"href":"https:\/\/conferences.eg.org\/vcbm2021\/wp-json\/wp\/v2\/types\/page"}],"author":[{"embeddable":true,"href":"https:\/\/conferences.eg.org\/vcbm2021\/wp-json\/wp\/v2\/users\/25"}],"replies":[{"embeddable":true,"href":"https:\/\/conferences.eg.org\/vcbm2021\/wp-json\/wp\/v2\/comments?post=237"}],"version-history":[{"count":43,"href":"https:\/\/conferences.eg.org\/vcbm2021\/wp-json\/wp\/v2\/pages\/237\/revisions"}],"predecessor-version":[{"id":380,"href":"https:\/\/conferences.eg.org\/vcbm2021\/wp-json\/wp\/v2\/pages\/237\/revisions\/380"}],"wp:attachment":[{"href":"https:\/\/conferences.eg.org\/vcbm2021\/wp-json\/wp\/v2\/media?parent=237"}],"curies":[{"name":"wp","href":"https:\/\/api.w.org\/{rel}","templated":true}]}}