
{"id":30,"date":"2018-11-26T15:47:17","date_gmt":"2018-11-26T15:47:17","guid":{"rendered":"https:\/\/conferences.eg.org\/vcbm2019\/?page_id=30"},"modified":"2019-08-26T10:27:46","modified_gmt":"2019-08-26T10:27:46","slug":"venue","status":"publish","type":"page","link":"https:\/\/conferences.eg.org\/vcbm2019\/venue\/","title":{"rendered":"Venue"},"content":{"rendered":"<header class=\"entry-header\">On September 4th, the program of VCBM 2019 will take place at the rooftop of the Domini park (Husova 14a), right next to the\u00a0<a href=\"https:\/\/www.hotelinternational.cz\/en\/\">Hotel International<\/a>, where we will spend the following days of the conference. Hotel International is located in the historical center of Brno (the same venue as EuroVis 2018). Student volunteers will be around to navigate you to the conference rooms.<\/header>\n<header class=\"entry-header\">\n<h1><\/h1>\n<h1>Opening Reception<\/h1>\n<\/header>\n<p>For the first evening of the conference, we prepared the welcome event at <a href=\"http:\/\/restauracerosnicka.cz\/#uvod\">Rosnicka restaurant<\/a>\u00a0(<span style=\"font-size: 1.5rem\">Jana Ne\u010dase 966\/1<\/span>) in the beautiful Wilson forest-park. We will start at 8 PM.There will be several options how to get there from the conference venue. We will organize one walking group (approximately 60 mins of walking), right after the end of the conference program. Another group will combine the tram from Komensk\u00e9ho n\u00e1m\u011bst\u00ed stop (tram no. 4 to N\u00e1m\u011bst\u00ed M\u00edru) and 15 minutes walking (you will get tram tickets from student volunteers). For those who want to avoid much walking, there is an option to take the tram no. 1 from Hlavn\u00ed n\u00e1dra\u017e\u00ed (main train station) in the direction Bystrc, E\u010derova and get off at the stop Br\u00e1fova (the stop is most of the day on request!). From there, it is 7 minutes walk to the restaurant.<\/p>\n<p>After the event, there are night buses leaving from Burianovo n\u00e1m\u011bst\u00ed stop (10 minutes walking from the restaurant). It is bus no. 92 in the direction Lesn\u00e1, Halasovo n\u00e1m\u011bst\u00ed and the time schedule is 22:42, 23:12. 23:42, 00:42. It will take you to \u010cesk\u00e1 station, which is the closest one to the conference venue.<\/p>\n<header class=\"entry-header\">\n<h1><\/h1>\n<h1>Conference Dinner<\/h1>\n<p>The conference dinner on Thursday 5th will take place at the <a href=\"http:\/\/www.spilberk.cz\/en\/\">\u0160pilberk castle<\/a>, right opposite the conference venue. It will start at 8 PM and the route will be paved by the student volunteers.<\/p>\n<h1><\/h1>\n<h1 class=\"entry-title\">City<\/h1>\n<\/header>\n<div class=\"entry-content\">\n<p>Brno ( \/\u02c8b\u025c\u02d0rno\u028a\/ in English) is the second largest city of the Czech Republic and it is the the county city of the beautiful\u00a0<a href=\"http:\/\/www.jizni-morava.cz\/en\">South Moravia<\/a>\u00a0region. With around 400\u00a0000 inhabitants, Brno is still a rather small city with a friendly, cosmopolitan atmosphere.<\/p>\n<p>The city offers dozens of historical sights to see. The cityscape is dominated by the\u00a0<a href=\"http:\/\/www.spilberk.cz\/en\/\">\u0160pilberk<\/a>\u00a0castle (literally across the street from conference venue) and the\u00a0<a href=\"https:\/\/en.wikipedia.org\/wiki\/Cathedral_of_St._Peter_and_Paul,_Brno\">Cathedral of Saints Peter and Paul<\/a>. Another architectural monument is the\u00a0functionalist\u00a0<a href=\"http:\/\/www.tugendhat.eu\/en\/homepage.html\">Villa Tugendhat<\/a>,\u00a0which has been included on the\u00a0UNESCO\u00a0list of World Heritage Sites. You can visit also the\u00a0<a href=\"https:\/\/www.gotobrno.cz\/en\/place\/basilica-of-the-assumption-of-our-lady-bazilika-nanebevzeti-panny-marie\/\">Basilica of the Assumption of Our Lady<\/a>\u00a0and the neighboring Augistinian Abbey, where the founder of genetics \u2013 Gregor J. Mendel \u2013 was living and working on his research.<\/p>\n<p>For more information about Brno and sightseeing tips, see the website of the\u00a0<a href=\"https:\/\/www.gotobrno.cz\/en\/\">touristic information center<\/a>. In addition, you can download this comprehensive\u00a0<a href=\"http:\/\/www.brno.cz\/fileadmin\/user_upload\/turista-volny-cas\/infomaterialy_ke_stazeni\/Pruvodce_mestem\/Pruvodce_mestem_Brno_EN_web.pdf\">Brno guide<\/a>\u00a0in pdf format.<\/p>\n<h2><\/h2>\n<h2>Android City Guide<\/h2>\n<p>We provide a city guide of recommended places in Brno for Android. Please follow the installation instructions:<\/p>\n<ol>\n<li>Download the application from\u00a0<a href=\"https:\/\/www.eurovis2018.org\/public\/download\/Breeer.apk\">this link<\/a>.<\/li>\n<li>Once downloaded, you will need to allow installation of apps from unknown sources. You can do this by checking: Settings &gt; Security &gt; Unknown sources.<\/li>\n<li>Run the downloaded file Breeer.apk and follow the installation instructions.<\/li>\n<\/ol>\n<h3><\/h3>\n<p>&nbsp;<\/p>\n<\/div>\n","protected":false},"excerpt":{"rendered":"<p>On September 4th, the program of VCBM 2019 will take place at the rooftop of the Domini park (Husova 14a), right next to the\u00a0Hotel International, where we will spend the following days of the conference. Hotel International is located in <a class=\"more-link\" href=\"https:\/\/conferences.eg.org\/vcbm2019\/venue\/\">Read More &#8230;<\/a><\/p>\n","protected":false},"author":2,"featured_media":0,"parent":0,"menu_order":0,"comment_status":"closed","ping_status":"closed","template":"","meta":[],"_links":{"self":[{"href":"https:\/\/conferences.eg.org\/vcbm2019\/wp-json\/wp\/v2\/pages\/30"}],"collection":[{"href":"https:\/\/conferences.eg.org\/vcbm2019\/wp-json\/wp\/v2\/pages"}],"about":[{"href":"https:\/\/conferences.eg.org\/vcbm2019\/wp-json\/wp\/v2\/types\/page"}],"author":[{"embeddable":true,"href":"https:\/\/conferences.eg.org\/vcbm2019\/wp-json\/wp\/v2\/users\/2"}],"replies":[{"embeddable":true,"href":"https:\/\/conferences.eg.org\/vcbm2019\/wp-json\/wp\/v2\/comments?post=30"}],"version-history":[{"count":13,"href":"https:\/\/conferences.eg.org\/vcbm2019\/wp-json\/wp\/v2\/pages\/30\/revisions"}],"predecessor-version":[{"id":551,"href":"https:\/\/conferences.eg.org\/vcbm2019\/wp-json\/wp\/v2\/pages\/30\/revisions\/551"}],"wp:attachment":[{"href":"https:\/\/conferences.eg.org\/vcbm2019\/wp-json\/wp\/v2\/media?parent=30"}],"curies":[{"name":"wp","href":"https:\/\/api.w.org\/{rel}","templated":true}]}}