
{"id":178,"date":"2019-05-02T15:49:19","date_gmt":"2019-05-02T15:49:19","guid":{"rendered":"https:\/\/conferences.eg.org\/vcbm2019\/?page_id=178"},"modified":"2019-08-26T18:44:39","modified_gmt":"2019-08-26T18:44:39","slug":"program","status":"publish","type":"page","link":"https:\/\/conferences.eg.org\/vcbm2019\/program\/","title":{"rendered":"Program"},"content":{"rendered":"\r\n<figure class=\"wp-block-image\">\r\n\r\n\r\n<figure class=\"wp-block-image\"><img decoding=\"async\" loading=\"lazy\" class=\"aligncenter size-full wp-image-530\" src=\"https:\/\/conferences.eg.org\/vcbm2019\/wp-content\/uploads\/sites\/2\/2019\/08\/program2019_website_v5.jpg\" alt=\"\" width=\"1430\" height=\"999\" srcset=\"https:\/\/conferences.eg.org\/vcbm2019\/wp-content\/uploads\/sites\/2\/2019\/08\/program2019_website_v5.jpg 1430w, https:\/\/conferences.eg.org\/vcbm2019\/wp-content\/uploads\/sites\/2\/2019\/08\/program2019_website_v5-300x210.jpg 300w, https:\/\/conferences.eg.org\/vcbm2019\/wp-content\/uploads\/sites\/2\/2019\/08\/program2019_website_v5-768x537.jpg 768w, https:\/\/conferences.eg.org\/vcbm2019\/wp-content\/uploads\/sites\/2\/2019\/08\/program2019_website_v5-1024x715.jpg 1024w\" sizes=\"(max-width: 1430px) 100vw, 1430px\" \/><\/figure>\r\n\r\n<h2>\u00a0<\/h2>\r\n<p>&nbsp;<\/p>\r\n<h2>Workshop Program<\/h2>\r\n<ul>\r\n<li>Full papers: 16 mins presentation + 4 mins questions<\/li>\r\n<li>Short papers:\u00a08 mins presentation + 2 mins questions<\/li>\r\n<li>Survey papers:\u00a020 mins presentation + 5 mins questions<\/li>\r\n<\/ul>\r\n<h3>\u00a0<\/h3>\r\n<p>&nbsp;<\/p>\r\n<h3>Wednesday, September 4<\/h3>\r\n<p>10.30-12.00<strong> Session 1:\u00a0Visual Computing for MRI-based Data<\/strong> <br \/>Chair: <strong>Katja B\u00fchler<\/strong><\/p>\r\n<p>SpectraMosaic: An Exploratory Tool for the Interactive Visual Analysis of Magnetic Resonance Spectroscopy Data (full paper) <br \/><em>Laura Garrison, Jakub Va\u0161\u00ed\u010dek, Renate Gruner, Noeska Smit, Stefan Bruckner<\/em><\/p>\r\n<p>Multiparametric Magnetic Resonance Image Synthesis using Generative Adversarial Networks (short paper)<br \/><em>Christoph Haarburger, Dorit Merhof<\/em><\/p>\r\n<p>Colonic content assessment from MRI imaging using a semi-automatic approach (full paper)<br \/><em>Pere-Pau V\u00e1zquez, \u00c1lvaro Bendez\u00fa,\u00a0Marianela Mego,\u00a0Xavier Merino,\u00a0Azpiroz Fernando, Isabel Navazo<\/em><\/p>\r\n<p>A Web-based Application for the Visual Exploration of Colon Morphology Data (short paper)<br \/><em>Jan Males, Jose Diaz,\u00a0Eva Moncl\u00fas,\u00a0Pere-Pau V\u00e1zquez<\/em><\/p>\r\n<p>Interactive Formation of Statistical Hypotheses in Diffusion Tensor Imaging (full paper)<br \/><em>Amin Abbasloo, Vitalis Wiens,\u00a0Tobias Schmidt-Wilcke,\u00a0Pia Sundgren,\u00a0Reinhard Klein,\u00a0Thomas Schultz<\/em><\/p>\r\n<p>Semantic Segmentation of Brain Tumors without any labels (short paper)<br \/><em>Leon Weninger,\u00a0Imke Krauhausen, Dorit Merhof<\/em>\u00a0<\/p>\r\n<p>&nbsp;<\/p>\r\n<p>14.00-15.30<strong> Session 2: Visual Analytics in Medicine and Biology<\/strong>\u00a0<br \/>Chair: <strong>Lars Linsen<\/strong><\/p>\r\n<p>Feasibility Study For Automatic Bird Tracking and Visualization from Time-Dependent Marine Radar Imagery (short paper)<br \/><em>Florian Ganglberger, Katja B\u00fchler<\/em>\u00a0<\/p>\r\n<p>A Visual Environment for Hypothesis Formation and Reasoning in Studies with fMRI and Multivariate Clinical Data (full paper)<br \/><em>Daniel J\u00f6nsson,\u00a0Albin Bergstr\u00f6m,\u00a0Camilla Forsell,\u00a0Rozalyn Simon,\u00a0Maria Engstr\u00f6m,\u00a0Anders Ynnerman,\u00a0Ingrid Hotz<\/em>\u00a0<\/p>\r\n<p>Pelvis Runner: Visualizing Pelvic Organ Variability in a Cohort of Radiotherapy Patients (full paper)<br \/><em>Nicolas Grossmann, Oscar Casares-Magaz,\u00a0Ludvig Paul Muren,\u00a0Vitali Moiseenko,\u00a0John P. Einck,\u00a0Eduard Gr\u00f6ller,\u00a0Renata Georgia Raidou<\/em>\u00a0<\/p>\r\n<p>preha: Establishing Precision Rehabilitation with Visual Analytics (full paper)<br \/><em>Georg Bernold,\u00a0Kresimir Matkovic,\u00a0Eduard Gr\u00f6ller,\u00a0Renata Georgia Raidou<\/em>\u00a0<\/p>\r\n<p>A Visual Analytics Approach for Patient Stratification and Biomarker Discovery (short paper)<br \/><em>Shiva Alemzadeh,\u00a0Florian Kromp,\u00a0Bernhard Preim,\u00a0Sabine Taschner-Mandl,\u00a0Katja B\u00fchler<\/em>\u00a0<\/p>\r\n<p>medUse: A visual analysis tool for medication use data in the ABCD study (short paper)<br \/><em>Hauke Bartsch,\u00a0Laura Garrison,\u00a0Stefan Bruckner,\u00a0Ariel Wang,\u00a0Susan F. Tapert,\u00a0Renate Gruner<\/em>\u00a0<\/p>\r\n<p>&nbsp;<\/p>\r\n<p>16.00-17.30<strong> Session 3: Molecular Visualization (I)<\/strong>\u00a0<br \/>Chair: <strong>Noeska Smit<\/strong><\/p>\r\n<p>Interactive Exploded Views for Molecular Structures (full paper)<br \/><em>Maximilian Sbardellati,\u00a0Haichao Miao,\u00a0Hsiang-Yun Wu,\u00a0Eduard Gr\u00f6ller,\u00a0Ivan Bari\u0161i\u0107,\u00a0Ivan Viola<\/em>\u00a0<\/p>\r\n<p>DockVis: Visual Analysis of Molecular Docking Data (full paper)<br \/><em>Katar\u00edna Furmanov\u00e1,\u00a0Barbora Kozl\u00edkov\u00e1,\u00a0Vojt\u011bch Von\u00e1sek,\u00a0Jan By\u0161ka<\/em>\u00a0<\/p>\r\n<p>GLAM: Glycogen-derived Lactate Absorption Map for visual analysis of dense and sparse surface reconstructions of rodent brain structures on desktop systems and virtual environments (invited journal paper)<br \/><em>Marco Agus, Daniya Boges, Nicolas Gagnon, Pierre J. Magistretti, Markus Hadwiger, Corrado Cali<\/em><\/p>\r\n<p>Multiscale Molecular Visualization (invited journal paper)<br \/><em>Haichao Miao, Tobias Klein, David Kou\u0159il, Peter Mindek, Karsten Schatz, Eduard Gr\u00f6ller, Barbora Kozl\u00edkov\u00e1, Tobias Isenberg, Ivan Viola<\/em><\/p>\r\n<p>&nbsp;<\/p>\r\n<h3>Thursday, September 5<\/h3>\r\n<p>10.30-12.10<strong> Session 4: Digital Pathology, Surgery and Anatomical Education<\/strong>\u00a0<br \/>Chair: <strong>Noura Faraj<\/strong><\/p>\r\n<p>A survey of virtual human anatomy education systems (invited journal paper)<br \/><em>Bernhard Preim, Patrick Saalfeld<\/em><\/p>\r\n<p>Layer-Aware iOCT Volume Rendering for Retinal Surgery (short paper)<br \/><em>Ali Muhamad,\u00a0Mathias Maier,\u00a0Abouzar Eslami,\u00a0Nassir Navab<\/em>\u00a0<\/p>\r\n<p>Visual Analytics in Digital Pathology: Challenges and Opportunities (survey paper)<br \/><em>Alberto Corvo,\u00a0Michel Westenberg,\u00a0Jack van Wijk<\/em>\u00a0<\/p>\r\n<p>AR in VR: assessing surgical augmented reality visualizations in a\u00a0steerable virtual reality environment (invited journal paper)<br \/><em>Julian Hettig, Sandy Engelhardt, Christian Hansen, Gabriel Mistelbauer<\/em><\/p>\r\n<p>Visual analysis of retinal changes with optical coherence tomography (invited journal paper)<br \/><em>Martin R\u00f6hlig, Christoph Schmidt, Ruby Kala Prakasam, Paul Rosenthal, Heidrun Schumann, Oliver Stachs<\/em><\/p>\r\n<p>&nbsp;<\/p>\r\n<p>14.00-15.45<strong> Session 5: Animation, Tracking and Simulations<\/strong>\u00a0<br \/>Chair: <strong>Marco Agus<\/strong><\/p>\r\n<p>Medical Animations: A Survey and a Research Agenda (survey paper)<br \/><em>Bernhard Preim,\u00a0Monique Meuschke<\/em>\u00a0<\/p>\r\n<p>Using Position-Based Dynamics for Simulating the Mitral Valve in a Decision Support System (full paper)<br \/><em>Lars Walczak,\u00a0Joachim Georgii,\u00a0Lennart Tautz,\u00a0Mathias Neugebauer,\u00a0Isaac Wamala,\u00a0Simon S\u00fcndermann,\u00a0Volkmar Falk,\u00a0Anja Hennemuth<\/em>\u00a0<\/p>\r\n<p>InkVis: A High-Particle-Count Approach for Visualization of Phase-Constrast Magnetic Resonance Imaging Data (full paper)<br \/><em>Niels de Hoon,\u00a0Kai Lawonn,\u00a0Andrei Jalba,\u00a0Elmar Eisemann,\u00a0Anna Vilanova<\/em>\u00a0<\/p>\r\n<p>Robustness Evaluation of CFD Simulations to Mesh Deformation (full paper)<br \/><em>Alexander Scheid-Rehder,\u00a0Kai Lawonn,\u00a0Monique Meuschke<\/em><\/p>\r\n<p>The Vitruvian Baby: Interactive Reformation of Fetal Ultrasound Data to a T-Position (short paper)<br \/><em>Eric M\u00f6rth,\u00a0Renata Georgia Raidou,\u00a0Ivan Viola,\u00a0Noeska Smit<\/em>\u00a0<\/p>\r\n<p>HIFUpm: a visual environment to plan and monitor High\u00a0Intensity Focused Ultrasound treatments (short paper)<br \/><em>Daniela Modena,\u00a0Davide Bassano,\u00a0Aaldert Elevelt,\u00a0Marco Baragona,\u00a0Peter Hilbers,\u00a0Michel Westenberg<\/em>\u00a0<\/p>\r\n<p>&nbsp;<\/p>\r\n<h3>Friday, September 6<\/h3>\r\n<p>08.30-09.30<strong> Session 6: Molecular Visualization (II)<\/strong>\u00a0<br \/>Chair: <strong>Ivan Viola<\/strong><\/p>\r\n<p>Hybrid Visualization of Protein-Lipid and Protein-Protein Interaction (full paper)<br \/><em>Naif Alharbi,\u00a0Michael Krone,\u00a0Matthieu Chavent,\u00a0Robert S. Laramee<\/em>\u00a0<\/p>\r\n<p>Molecular Sombreros: Abstract Visualization of Binding Sites within Proteins (full paper)<br \/><em>Karsten Schatz,\u00a0Michael Krone,\u00a0Tabea Bauer,\u00a0Valerio Ferrario,\u00a0J\u00fcrgen Pleiss,\u00a0Thomas Ertl<\/em>\u00a0<\/p>\r\n<p>Interactive CPU-based Ray Tracing of Solvent Excluded Surfaces (full paper)<br \/><em>Tobias Rau,\u00a0Sebastian Zahn,\u00a0Michael Krone,\u00a0Guido Reina,\u00a0Thomas Ertl<\/em>\u00a0<\/p>\r\n<p>&nbsp;<\/p>\r\n<p>09.30-10.30<strong> Session 7: Blood Flow and Vascular Visualization<\/strong>\u00a0<br \/>Chair: <strong>Gabriel Mistelbauer<\/strong><\/p>\r\n<p>Evolutionary Pathlines for Blood Flow Exploration in Cerebral Aneurysms (full paper)<br \/><em>Benjamin Behrendt,\u00a0Wito Engelke,\u00a0Philipp Berg,\u00a0Oliver Beuing,\u00a0Bernhard Preim,\u00a0Ingrid Hotz,\u00a0Sylvia Saalfeld<\/em>\u00a0<\/p>\r\n<p>Distance Field Visualization and 2D Abstraction of Vessel Tree Structures with on-the-fly Parameterization (full paper)<br \/><em>Nils Lichtenberg,\u00a0Bastian Krayer,\u00a0Christian Hansen,\u00a0Stefan M\u00fcller,\u00a0Kai Lawonn<\/em>\u00a0<\/p>\r\n<p>Uncertainty visualization for interactive assessment of stenotic regions in vascular structures (invited journal paper)<br \/><em>Gordan Ristovski, Jose Matute, Thomas Wehrum, Andreas Harloff, Horst K. Hahn, Lars Linsen<\/em>\u00a0<\/p>\r\n<p>&nbsp;<\/p>\r\n<h2>Posters<\/h2>\r\n<p><span style=\"font-weight: 400\">A Visual Approach to Explainable Clinical Decision Support<\/span><br \/><em><span style=\"font-weight: 400\">Juliane M\u00fcller, Matthaeus St\u00f6hr, Alexander Oeser, Jan Gaebel, Andreas Dietz, Steffen Oeltze-Jafra<\/span><\/em><\/p>\r\n<p><span style=\"font-weight: 400\">Visual Exploration of Large Normal Mode Spaces to Study Protein Flexibility<\/span><br \/><em><span style=\"font-weight: 400\">Pierre Bedoucha, Nathalie Reuter, Helwig Hauser, Jan By\u0161ka<\/span><\/em><\/p>\r\n<p><span style=\"font-weight: 400\">Recalibrating Deep Learning Models Attention with Human Attention in Medical Image Classification<\/span><br \/><em><span style=\"font-weight: 400\">Ajaya Adhikari, Maarten C. Kruithof, Annegreet van Opbroek, Stephan Raaijmakers,\u00a0Ioannis Tolios<\/span><\/em><\/p>\r\n<p><span style=\"font-weight: 400\">Immersive Analytics for Molecular Dynamics Simulations<\/span><br \/><em><span style=\"font-weight: 400\">Sabrina Jaeger, Karsten Klein, Oleksandra Kukharenko, <\/span><span style=\"font-weight: 400\">Patrick Paetzold, Fabian Strauss<\/span><span style=\"font-weight: 400\">, Christine Peter,<\/span><span style=\"font-weight: 400\"> Falk Schreiber<\/span><\/em><\/p>\r\n<p><span style=\"font-weight: 400\">RadTrix: A Composite Hybrid Visualization for Unbalanced Bipartite Graphs in Biological Datasets<\/span><br \/><em><span style=\"font-weight: 400\">Reddy Rani Vangimalla, Jaya Sreevalsan-Nair<\/span><\/em><\/p>\r\n<p><span style=\"font-weight: 400\">Interactive 3D-Visualisation of Brain Spatial Networks<\/span><br \/><em><span style=\"font-weight: 400\">Daria Kruzhinskaia, Florian Ganglberger, Joanna Kaczanowska, Wulf Haubensak, Katja B\u00fchler<\/span><\/em><\/p>\r\n<p><span style=\"font-weight: 400\">In silico dermoscopy with detailed subsurface scattering<\/span><br \/><em><span style=\"font-weight: 400\">Brian Seipp, Marc Olano, Aldo Badano<\/span><\/em><\/p>\r\n<p><span style=\"font-weight: 400\">Visual Analysis of Telemetry Data<\/span><br \/><em><span style=\"font-weight: 400\">Michael Burch, Alberto Corv\u00f2, Dennis Dingen, Uwe Kloos, Sinem Cicek Celik, Markus Danilow, Angelos Katsepidis, \u00d6znur \u00d6ner, Christian Steinmann<\/span><\/em><\/p>\r\n<p><span style=\"font-weight: 400\">Computing Traversability of Protein Tunnels using Motion Planning<\/span><br \/><em><span style=\"font-weight: 400\">Vojt\u011bch Von\u00e1sek, Tom Jankovec<\/span><\/em><\/p>\r\n<p><span style=\"font-weight: 400\">Rational Design of Protein Dynamics<\/span><br \/><em><span style=\"font-weight: 400\">Joan Planas-Iglesias, Gaspar Pinto, David Bedn\u00e1\u0159, Ji\u0159\u00ed Damborsk\u00fd<\/span><\/em><\/p>\r\n<p>CaverWeb: Analysis of Protein Tunnels and Ligand Binding\u00a0Trajectories in Drug Design<br \/><em>Piia Kokkonen, Jan \u0160toura\u010d, Ji\u0159\u00ed Filipovi\u010d, Ond\u0159ej V\u00e1vra, Gaspar Pinto, David Bedn\u00e1\u0159, Ji\u0159\u00ed Damborsk\u00fd<\/em><\/p>\r\n<\/figure>\r\n","protected":false},"excerpt":{"rendered":"","protected":false},"author":7,"featured_media":0,"parent":0,"menu_order":0,"comment_status":"closed","ping_status":"closed","template":"","meta":[],"_links":{"self":[{"href":"https:\/\/conferences.eg.org\/vcbm2019\/wp-json\/wp\/v2\/pages\/178"}],"collection":[{"href":"https:\/\/conferences.eg.org\/vcbm2019\/wp-json\/wp\/v2\/pages"}],"about":[{"href":"https:\/\/conferences.eg.org\/vcbm2019\/wp-json\/wp\/v2\/types\/page"}],"author":[{"embeddable":true,"href":"https:\/\/conferences.eg.org\/vcbm2019\/wp-json\/wp\/v2\/users\/7"}],"replies":[{"embeddable":true,"href":"https:\/\/conferences.eg.org\/vcbm2019\/wp-json\/wp\/v2\/comments?post=178"}],"version-history":[{"count":6,"href":"https:\/\/conferences.eg.org\/vcbm2019\/wp-json\/wp\/v2\/pages\/178\/revisions"}],"predecessor-version":[{"id":555,"href":"https:\/\/conferences.eg.org\/vcbm2019\/wp-json\/wp\/v2\/pages\/178\/revisions\/555"}],"wp:attachment":[{"href":"https:\/\/conferences.eg.org\/vcbm2019\/wp-json\/wp\/v2\/media?parent=178"}],"curies":[{"name":"wp","href":"https:\/\/api.w.org\/{rel}","templated":true}]}}