
{"id":5,"date":"2018-11-26T14:20:53","date_gmt":"2018-11-26T14:20:53","guid":{"rendered":"https:\/\/conferences.eg.org\/vcbm2017\/?page_id=5"},"modified":"2018-11-26T14:20:53","modified_gmt":"2018-11-26T14:20:53","slug":"program","status":"publish","type":"page","link":"https:\/\/conferences.eg.org\/vcbm2017\/program\/","title":{"rendered":"Program"},"content":{"rendered":"<table class=\"relative-table wrapped confluenceT8le\">\n<tbody>\n<tr>\n<td class=\"confluenceTd\" colspan=\"2\" valign=\"middle\"><strong>Thursday, 7th September<\/strong><\/td>\n<\/tr>\n<tr>\n<td class=\"confluenceTd\" valign=\"top\">09:00 \u2013 09:45<\/td>\n<td class=\"confluenceTd\" valign=\"top\"><strong>Opening<br \/>\n<\/strong>Horst Hahn<\/td>\n<\/tr>\n<tr>\n<td class=\"confluenceTd\" valign=\"top\">\n<p align=\"left\">09:45 \u2013 10:45<\/p>\n<\/td>\n<td class=\"confluenceTd\" valign=\"top\"><strong>Biology and Networks<\/strong> (2 papers\u00a0\u00e1 20, 2 short \u00e1 10)<br \/>\nChair:\u00a0<em>Bernhard\u00a0Preim<\/em>Protein Tunnel Reprojection for Physico-Chemical Property Analysis <em>(Jan Malzahn, Barbora Kozlikova, Timo Ropinski)<\/em>Mammogram Classification and Abnormality Detection from Nonlocal Labels using Deep Multiple Instance Neural Network <em>(Yoni Choukroun, Ran Bakalo, Rami Ben-Ari, Ayelet Akselrod-Ballin, Ella Barkan, Pavel Kisilev)<br \/>\n<\/em>A Guided Spatial Transformer Network for Histology Cell Differentiation <em>(Marc Aubreville, Maximilian Krappmann, Christof Bertram, Robert Klopfleisch, Andreas Maier)<br \/>\n<\/em>Design Considerations for Immersive Analytics of Bird Movements Obtained by Miniaturised GPS Sensors <em>(Hieu Nim, Karsten Klein, Bj\u00f6rn Sommer, Andrea Flack, Kamran Safi, Mate Nagy, Wolfgang Fiedler, Martin Wikelski, Falk Schreiber)<\/em><\/td>\n<\/tr>\n<tr>\n<td class=\"confluenceTd\" valign=\"top\">\n<p align=\"left\">10:45 \u2013 11:15<\/p>\n<\/td>\n<td class=\"confluenceTd\" valign=\"top\"><strong>Break<br \/>\n<\/strong>with Coffee &amp; Snacks<\/td>\n<\/tr>\n<tr>\n<td class=\"confluenceTd\" colspan=\"1\" valign=\"top\">\n<p align=\"left\">11:15 \u2013 12:15<\/p>\n<\/td>\n<td class=\"confluenceTd\" colspan=\"1\" valign=\"top\"><strong>Keynote<br \/>\n<\/strong><strong>Christian Sohns, MD<\/strong>:\u00a0Cardiac Electrophysiology on the Road from Electro-Anatomical to\u00a0Anatomo-Electrical Ablation Strategies<\/td>\n<\/tr>\n<tr>\n<td class=\"confluenceTd\" valign=\"top\">\n<p align=\"left\">12:15 \u2013 13:30<\/p>\n<\/td>\n<td class=\"confluenceTd\" valign=\"top\">\n<p align=\"left\"><strong>Lunch<\/strong><\/p>\n<p>&nbsp;<\/td>\n<\/tr>\n<tr>\n<td class=\"confluenceTd\" valign=\"top\">\n<p align=\"left\">13:30 \u2013 14:50<\/p>\n<\/td>\n<td class=\"confluenceTd\" valign=\"top\"><strong>Exploration and Visual Analysis<\/strong> (4 papers\u00a0\u00e1 20)<br \/>\nChair:\u00a0<em>Bernhard Kainz<\/em>Watergate:Visual Exploration of Water Trajectories in Protein Dynamics <em>(Viktor Vad, Jan Byska, Adam Jurcik, Ivan Viola, Eduard Gr\u00f6ller, Helwig Hauser, S\u00e9rgio M. Margues, Ji\u0159\u00ed Damborsk\u00fd, Barbora Kozlikova)<\/em>Visual Analytics of Missing Data in Epidemiological Cohort Studies <em>(Shiva Alemzadeh, Uli Niemann, Till Ittermann, Henry V\u00f6lzke, Daniel Schneider, Myra Spiliopoulou, Bernhard Preim)<\/em>Comparative Visualization for Diffusion Tensor Imaging Group Study at Multiple Levels of Detail <em>(Changgong Zhang, Thomas H\u00f6llt, Matthan Caan, Elmar Eisemann, Anna Vilanova)<\/em>Visualizing and Exploring Dynamic Multichannel EEG Coherence Networks\u00a0<em>(Chengtao Ji, Jasper van de Gronde; Natasha Maurits, Jos Roerdink)<\/em><\/td>\n<\/tr>\n<tr>\n<td class=\"confluenceTd\" valign=\"top\">\n<p align=\"left\">14:50 \u2013 15:30<\/p>\n<\/td>\n<td class=\"confluenceTd\" valign=\"top\"><strong>Break &amp; Poster Session<br \/>\n<\/strong>with Coffee &amp; Cake<\/td>\n<\/tr>\n<tr>\n<td class=\"confluenceTd\" valign=\"top\">\n<p align=\"left\">15:30 \u2013 16:50<\/p>\n<\/td>\n<td class=\"confluenceTd\" valign=\"top\"><strong>Applications<\/strong> (4 papers \u00e1 20)<br \/>\nChair:\u00a0<em>Jos Roerdink<\/em>HIFUtk: Visual Analytics for High Intensity Focused Ultrasound Simulation <em>(Daniela Modena, Edmond van Dijk, Dragan Bosnacki, Huub ten Eikelder, Michel Westenberg)<\/em>CT-Based Navigation Guidance for Liver Tumor Ablation <em>(Julian Alpers, Christian Hansen, Kristina Ringe, Christian Rieder)<\/em>Visual Navigation Support for Liver Applicator Placement using Interactive Map Displays <em>(Julian Hettig, Gabriel Mistelbauer, Christian Rieder, Kai Lawonn, Christian Hansen)<\/em>Application of image processing functions for brain tumor enhancement in intraoperative ultrasound image data <em>(Claire Chalopin, Elisee Ilunga Mbuyamba, Jesus Guillermo Cabal Aragon, Juan Carlos Camacho Rodriguez, Felix Arlt, Juan Gabriel Avina Cervantes, Juergen Meixensberger, and Dirk Lindne)<\/em><\/td>\n<\/tr>\n<tr>\n<td class=\"confluenceTd\" valign=\"top\">\n<p align=\"left\">18.00<\/p>\n<\/td>\n<td class=\"confluenceTd\" valign=\"top\"><strong>Sightseeing<\/strong><\/p>\n<p>City of Bremen<\/td>\n<\/tr>\n<tr>\n<td class=\"confluenceTd\" valign=\"top\">\n<p align=\"left\">19.00<\/p>\n<\/td>\n<td class=\"confluenceTd\" valign=\"top\"><strong>Workshop Dinner<\/strong><\/p>\n<p>\u201cWohnk\u00fcche\u201d<\/td>\n<\/tr>\n<tr>\n<td class=\"confluenceTd\" colspan=\"2\" valign=\"middle\"><strong>Friday, 8th September<\/strong><\/td>\n<\/tr>\n<tr>\n<td class=\"confluenceTd\" colspan=\"1\" valign=\"top\">\n<p align=\"left\">09:00 \u2013 10:10<\/p>\n<\/td>\n<td class=\"confluenceTd\" colspan=\"1\" valign=\"top\"><strong>Short Papers <\/strong>(6 short papers\u00a0\u00e1 10)<br \/>\nChair: <em>Anna Vilanova\u00a0Bartroli<\/em>MRI Hip Joint Segmentation: A Locally Bhattacharyya Weighted Hybrid 3D Level Set Approach <em>(Duc Duy Pham, Cosmin Adrian Morariu, Tobias Terheiden, Stefan Landgraeber, Marcus J\u00e4ger, Josef Pauli)<\/em>Multi-fiber Estimation and Tractography for Diffusion MRI using mixture of Non-central Wishart Distributions <em>(Snehlata Shakya, Xuan Gu, Nazre Batool, Evren \u00d6zarslan, and Hans Knutsson)<\/em>Automatic thrombus detection in non-enhanced computed tomography images in patients with acute ischemic stroke <em>(Patrick L\u00f6ber, Andreas Maier, Bernhard Stimpel, Christopher Syben, Hendrik Ditt, Andr\u00e9 Kemmling, Peter Schramm, Boy Raczkowski)<\/em>Maximizing AUC with Deep Learning for Classification of Imbalanced Mammogram Datasets<em> (Jeremias Sulam, Rami Ben-Ari, Pavel Kisilev)<\/em><\/p>\n<p>A Web Based Tool for Cardiac Dyssynchrony Assessment on Ultrasound Data <em>(Daniele Pezzatini, Carlos Yag\u00fce, Paula Rudenick, Josep Blat, Bart Bijnens, Oscar Camara)<\/em><\/p>\n<p>UI-Net: Interactive Artificial Neural Networks for Iterative Image Segmentation Based on a User Model <em>(Mario Amrehn, Sven Gaube, Mathias Unberath, Frank Schebesch, Tim Horz, Maddalena Strumia, Stefan Steidl, Markus Kowarschik, Andreas Maier)<\/em><\/td>\n<\/tr>\n<tr>\n<td class=\"confluenceTd\" colspan=\"1\" valign=\"top\">\n<p align=\"left\">10:10 \u2013 10:40<\/p>\n<\/td>\n<td class=\"confluenceTd\" colspan=\"1\" valign=\"top\"><strong>Break<\/strong><\/p>\n<p>with Coffee &amp; Snacks<\/td>\n<\/tr>\n<tr>\n<td class=\"confluenceTd\" colspan=\"1\" valign=\"top\">\n<p align=\"left\">10:40 \u2013 12:00<\/p>\n<\/td>\n<td class=\"confluenceTd\" colspan=\"1\" valign=\"top\"><strong>Shape and Models<\/strong> (4 papers\u00a0\u00e1 20)<br \/>\nChair:\u00a0<em>Lars Linsen<\/em>Bone Fracture and Lesion Assessment using Shape-Adaptive Unfolding <em>(Hannes Martinke, Christian Petry, Stefan Gro\u00dfkopf, Michael Suehling, Grzegorz Soza, Bernhard Preim, Gabriel Mistelbauer)<\/em>Combining Pseudo Chroma Depth Enhancement and Parameter Mapping for Vascular Surface Models <em>(Benjamin Behrendt, Philipp Berg, Bernhard Preim, Sylvia Saalfeld)<\/em>Exploration of Interventricular Septum Motion in Multi-Cycle Cardiac MRI <em>(Lennart Tautz, Markus H\u00fcllebrand, Michael Steinmetz, Dirk Voit, Jens Frahm, Anja Hennemuth)<\/em>Concentric Circle Glyphs for Enhanced Depth-Judgment in Vascular Models<em> (Nils Lichtenberg, Christian Hansen, Kai Lawonn)<\/em><\/td>\n<\/tr>\n<tr>\n<td class=\"confluenceTd\" colspan=\"1\" valign=\"top\">\n<p align=\"left\">12:00 \u2013 13:00<\/p>\n<\/td>\n<td class=\"confluenceTd\" colspan=\"1\" valign=\"top\"><strong>Lunch<\/strong><\/td>\n<\/tr>\n<tr>\n<td class=\"confluenceTd\" colspan=\"1\" valign=\"top\">\n<p align=\"left\">13:00 \u2013 14:00<\/p>\n<\/td>\n<td class=\"confluenceTd\" colspan=\"1\" valign=\"top\"><strong>Capstone<\/strong><\/p>\n<p><strong>Silvia Miksch, PhD<\/strong>: Visual Analytics for Medical Applications: Challenges and Opportunities<strong><br \/>\n<\/strong><\/td>\n<\/tr>\n<tr>\n<td class=\"confluenceTd\" colspan=\"1\" valign=\"top\">\n<p align=\"left\">14:00 \u2013 14:30<\/p>\n<\/td>\n<td class=\"confluenceTd\" colspan=\"1\" valign=\"top\">\n<p align=\"left\"><strong>Closing Ceremonies<\/strong><\/p>\n<\/td>\n<\/tr>\n<\/tbody>\n<\/table>\n","protected":false},"excerpt":{"rendered":"<p>Thursday, 7th September 09:00 \u2013 09:45 Opening Horst Hahn 09:45 \u2013 10:45 Biology and Networks (2 papers\u00a0\u00e1 20, 2 short \u00e1 10) Chair:\u00a0Bernhard\u00a0PreimProtein Tunnel Reprojection for Physico-Chemical Property Analysis (Jan Malzahn, Barbora Kozlikova, Timo Ropinski)Mammogram Classification and Abnormality Detection from <a class=\"more-link\" href=\"https:\/\/conferences.eg.org\/vcbm2017\/program\/\">Read More &#8230;<\/a><\/p>\n","protected":false},"author":2,"featured_media":0,"parent":0,"menu_order":0,"comment_status":"closed","ping_status":"closed","template":"","meta":[],"_links":{"self":[{"href":"https:\/\/conferences.eg.org\/vcbm2017\/wp-json\/wp\/v2\/pages\/5"}],"collection":[{"href":"https:\/\/conferences.eg.org\/vcbm2017\/wp-json\/wp\/v2\/pages"}],"about":[{"href":"https:\/\/conferences.eg.org\/vcbm2017\/wp-json\/wp\/v2\/types\/page"}],"author":[{"embeddable":true,"href":"https:\/\/conferences.eg.org\/vcbm2017\/wp-json\/wp\/v2\/users\/2"}],"replies":[{"embeddable":true,"href":"https:\/\/conferences.eg.org\/vcbm2017\/wp-json\/wp\/v2\/comments?post=5"}],"version-history":[{"count":1,"href":"https:\/\/conferences.eg.org\/vcbm2017\/wp-json\/wp\/v2\/pages\/5\/revisions"}],"predecessor-version":[{"id":6,"href":"https:\/\/conferences.eg.org\/vcbm2017\/wp-json\/wp\/v2\/pages\/5\/revisions\/6"}],"wp:attachment":[{"href":"https:\/\/conferences.eg.org\/vcbm2017\/wp-json\/wp\/v2\/media?parent=5"}],"curies":[{"name":"wp","href":"https:\/\/api.w.org\/{rel}","templated":true}]}}