
{"id":7,"date":"2018-11-22T12:13:58","date_gmt":"2018-11-22T12:13:58","guid":{"rendered":"https:\/\/conferences.eg.org\/vcbm2012\/?page_id=7"},"modified":"2018-11-22T12:19:49","modified_gmt":"2018-11-22T12:19:49","slug":"program","status":"publish","type":"page","link":"https:\/\/conferences.eg.org\/vcbm2012\/program\/","title":{"rendered":"Program"},"content":{"rendered":"<p><strong>Thursday, 27.09.2012<\/strong><\/p>\n<table border=\"0\">\n<tbody>\n<tr>\n<td width=\"20%\">8:30-9:00<\/td>\n<td>Conference Registration (Ground Floor at Visualization Center C)<\/td>\n<\/tr>\n<tr>\n<td>9:00-9:15<\/td>\n<td>Opening &amp; Welcome<\/td>\n<\/tr>\n<tr>\n<td>9:15-10:15<\/td>\n<td><a name=\"keynote1\"><\/a>Keynote 1: Anders Persson \u2013 Visualization of Quantified Medical Image Data \u2013 Key to the Future?<\/p>\n<p><img decoding=\"async\" loading=\"lazy\" class=\"\" src=\"http:\/\/www.vcbm.org\/wp-content\/uploads\/2012\/04\/anders.jpg\" alt=\"Anders Persson\" width=\"110\" height=\"145\" \/><\/p>\n<p>Anders Persson is the Director of the Center for Medical Image Science and Visualization (CMIV) and Associate Professor at Link\u00f6ping University, Sweden. Persson has a solid clinical background as a radiologist and has worked actively as Senior Physician since 1993. Persson is an internationally recognized pioneer in medical imaging, in particular regarding advancing the state-of-the-art of clinical work with Computed Tomography, Magnetic Resonance Imaging and Post-Mortem Imaging. He has held over 350 invited talks and written seven book chapters on related subjects. Persson defended his doctoral dissertation \u201cVolume Imaging of the Abdomen Three-Dimensional Visualization of Tubular Structures in the Body with CT and MRI\u201d in 2005 at Link\u00f6ping University. He has authored or co-authored more than 100 refereed academic publications. He has received several awards, most notably the Knowledge Award 2010 for best public knowledge dissemination in Sweden, the Athena Award 2009 for best clinical medical research in Sweden, and the Lennart Nilsson Award 2008 for outstanding image creation.<\/td>\n<\/tr>\n<tr>\n<td>10:15-10:45<\/td>\n<td>Coffee Break<\/td>\n<\/tr>\n<tr>\n<td>10:45-12:00<\/td>\n<td><a name=\"session1\"><\/a>Session 1 \u2013 Tractography and Connectivity<\/p>\n<p>Session Chair: Charl Botha<\/p>\n<ul>\n<li><strong>The BundleExplorer: A Focus and Context Rendering Framework for Complex Fiber Distributions<\/strong><br \/>\nDiana R\u00f6ttger (University of Koblenz-Landau)<br \/>\nStefan M\u00fcller (University of Koblenz-Landau)<br \/>\nDorit Merhof (Universiy of Konstanz)<\/li>\n<li><strong>Tractography in Context: Multimodal Visualization of Probabilistic Tractograms in Anatomical Context<\/strong><br \/>\nAnne S. Berres (University of Kaiserslautern)<br \/>\nMathias Goldau (University of Leipzig, Max Planck Institute for Neurological Research)<br \/>\nMarc Tittgemeyer (Max Planck Institute for Neurological Research)<br \/>\nGerik Scheuermann (University of Leipzig)<br \/>\nHans Hagen (University of Kaiserslautern)<\/li>\n<li><strong>Synaptic Connectivity in Anatomically Realistic Neural Networks: Modeling and Visual Analysis<\/strong><br \/>\nVincent J Dercksen (Zuse Institute Berlin)<br \/>\nRobert Egger (Max Planck Florida Institute)<br \/>\nHans-Christian Hege (Zuse Institute Berlin)<br \/>\nMarcel Oberlaender (Max Planck Florida Institute)<\/li>\n<\/ul>\n<\/td>\n<\/tr>\n<tr>\n<td>12:00-13:30<\/td>\n<td>Lunch Break<\/td>\n<\/tr>\n<tr>\n<td>13:30-13:45<\/td>\n<td>Poster Fast Forward<\/td>\n<\/tr>\n<tr>\n<td>13:45-15:00<\/td>\n<td><a name=\"session2\"><\/a>Session 2 \u2013 Ultrasound<\/p>\n<p>Session Chair: Claes Lundstr\u00f6m<\/p>\n<ul>\n<li><strong>Geometrical-Acoustics-Based Ultrasound Image Simulation<\/strong><br \/>\nYuen Law (RWTH Aachen University)<br \/>\nThomas Knott (RWTH Aachen University)<\/li>\n<li><strong>Impact of Physical Noise Modeling on Image Segmentation in Echocardiography<\/strong><br \/>\nDaniel Tenbrinck (University of M\u00fcnster)<br \/>\nXiaoyi Jiang (University of M\u00fcnster)<br \/>\nAlex Sawatzky (University of M\u00fcnster)<br \/>\nMartin Burger (University of M\u00fcnster)<br \/>\nWladimir Haffner (University of M\u00fcnster)<br \/>\nPatrick Willems (University of M\u00fcnster)<br \/>\nMatthias Paul (University Hospital M\u00fcnster)<br \/>\nJ\u00f6rg Stypmann (University Hospital M\u00fcnster)<\/li>\n<li><strong>Lowest-Variance Streamlines for Filtering of 3D Ultrasound<\/strong><br \/>\nVeronika Solteszova (University of Bergen)<br \/>\nLinn Emilie Saevil Helljesen (University of Bergen)<br \/>\nWolfgang Wein (Technische Universit\u00e4t M\u00fcnchen)<br \/>\nOdd Helge Gilja (University of Bergen)<br \/>\nIvan Viola (University of Bergen)<\/li>\n<\/ul>\n<\/td>\n<\/tr>\n<tr>\n<td>15:00-16:00<\/td>\n<td>Poster Session &amp; Coffee Break<\/td>\n<\/tr>\n<tr>\n<td>16:00-16:50<\/td>\n<td><a name=\"session3\"><\/a>Session 3 \u2013 Multimodality<\/p>\n<p>Session Chair: Steffen Oeltze<\/p>\n<ul>\n<li><strong>On the Value of Multi-Volume Visualization for Preoperative Planning of Cerebral AVM Surgery<\/strong><br \/>\nFlorian Weiler (Fraunhofer MEVIS)<br \/>\nChristian Rieder (Fraunhofer MEVIS)<br \/>\nHorst Hahn (Fraunhofer MEVIS)<br \/>\nCarlos A. David (Lahey Clinic Medical Center)<br \/>\nChristoph Wald (Lahey Clinic Medical Center)<\/li>\n<li><strong>CT and Ultrasound Liver Vessel Registration Based on Combined Segmentation of B-Mode and Color Flow<\/strong><br \/>\nMatthias Keil (Fraunhofer Institute for Computer Graphics Research IGD)<br \/>\nCristina Laura Oyarzun (Fraunhofer Institute for Computer Graphics Research IGD)<br \/>\nStefan Wesarg (Fraunhofer Institute for Computer Graphics Research IGD)<\/li>\n<\/ul>\n<\/td>\n<\/tr>\n<tr>\n<td>16:50<\/td>\n<td>Tour of the Universe (Live Demonstration in the Dome)<\/td>\n<\/tr>\n<tr>\n<td>19:00<\/td>\n<td>Conference Dinner at <a href=\"http:\/\/www.laxholmen.net\/#\/page-12\/\">Laxholmen<\/a><\/td>\n<\/tr>\n<\/tbody>\n<\/table>\n<p><strong>Friday, 28.09.2012<\/strong><\/p>\n<table border=\"0\">\n<tbody>\n<tr>\n<td width=\"20%\">9:00-10:15<\/td>\n<td><a name=\"session4\"><\/a>Session 4 \u2013 Segmentation and Simulation<\/p>\n<p>Session Chair: Bernhard Preim<\/p>\n<ul>\n<li><strong>From Imprecise User Input to Precise Vessel Segmentations<\/strong><br \/>\nStefan Diepenbrock (University of M\u00fcnster)<br \/>\nTimo Ropinski (Link\u00f6ping University)<\/li>\n<li><strong>Sketch-based Image-Independent Editing of 3D Tumor Segmentations Using Variational Interpolation<\/strong><br \/>\nFrank Heckel (Fraunhofer MEVIS)<br \/>\nStefan Braunewell (Fraunhofer MEVIS)<br \/>\nGrzegorz Soza (Siemens AG, Healthcare Sector)<br \/>\nChristian Tietjen (Siemens AG, Healthcare Sector)<br \/>\nHorst Hahn (Fraunhofer MEVIS)<\/li>\n<li><strong>Interactive Residual Stress Modeling for Soft Tissue Simulation<\/strong><br \/>\nJun Wu (Technische Universit\u00e4t M\u00fcnchen)<br \/>\nKai Buerger (Technische Universit\u00e4t M\u00fcnchen)<br \/>\nR\u00fcdiger Westermann (Technische Universit\u00e4t)<br \/>\nChristian Dick (Technische Universit\u00e4t M\u00fcnchen)<\/li>\n<\/ul>\n<\/td>\n<\/tr>\n<tr>\n<td>10:15-10:45<\/td>\n<td>Coffee Break<\/td>\n<\/tr>\n<tr>\n<td>10:45-12:00<\/td>\n<td><a name=\"session5\"><\/a>Session 5 \u2013 Visual Computing Systems<\/p>\n<p>Session Chair: Ivan Viola<\/p>\n<ul>\n<li><strong>Visually Guided Mesh Smoothing for Medical Applications<\/strong><br \/>\nTobias Moench (University of Magdeburg)<br \/>\nChristoph Kubisch (Nvidia GmbH, Wuerselen)<br \/>\nKai Lawonn (University of Magdeburg)<br \/>\nR\u00fcdiger Westermann (Technische Universit\u00e4t M\u00fcnchen)<br \/>\nBernhard Preim (University of Magdeburg)<\/li>\n<li><strong>BrainCove: A Tool for Voxel-Wise fMRI Brain Connectivity Visualization<\/strong><br \/>\nCharl Botha (Delft University of Technology)<br \/>\nAndr\u00e9 van Dixhoorn (Delft University of Technology)<br \/>\nJulien R. Milles (Leiden University Medical Center)<br \/>\nBaldur van Lew (Leiden University Medical Center)<\/li>\n<li><strong>Deriving and Visualizing Uncertainty in Kinetic PET Modeling<\/strong><br \/>\nKhoa Tan Nguyen (Link\u00f6ping University)<br \/>\nAlexander Bock (Link\u00f6ping University)<br \/>\nAnders Ynnerman (Link\u00f6ping University)<br \/>\nTimo Ropinski (Link\u00f6ping University)<\/li>\n<\/ul>\n<\/td>\n<\/tr>\n<tr>\n<td>12:00-13:30<\/td>\n<td>Lunch Break<\/td>\n<\/tr>\n<tr>\n<td>13:30\u201314:45<\/td>\n<td><a name=\"session6\"><\/a>Session 6 \u2013 Biology and Radiology<\/p>\n<p>Session Chair: Stefan Zachow<\/p>\n<ul>\n<li><strong>Visualization and Exploration of 3D Toponome Data<\/strong><br \/>\nSteffen Oeltze (University of Magdeburg)<br \/>\nPaul Klemm (University of Magdeburg)<br \/>\nReyk Hillert (University of Magdeburg)<br \/>\nBernhard Preim (University of Magdeburg)<br \/>\nWalter Schubert (University of Magdeburg)<\/li>\n<li><strong>Atomistic Visualization of Mesoscopic Whole-Cell Simulations<\/strong><br \/>\nMartin Falk (VISUS, University of Stuttgart)<br \/>\nMichael Krone (VISUS, University of Stuttgart)<br \/>\nThomas Ertl (VISUS, University of Stuttgart)<\/li>\n<li><strong>Constrained Labeling of 2D Slice Data in Clinical Applications<\/strong><br \/>\nKatja Mogalle (University of Magdeburg)<br \/>\nBernhard Preim (University of Magdeburg)<br \/>\nChristian Tietjen (Siemens AG, Healthcare Sector)<br \/>\nGrzegorz Soza (Siemens AG, Healthcare Sector)<\/li>\n<\/ul>\n<\/td>\n<\/tr>\n<tr>\n<td>14:45-15:15<\/td>\n<td>Coffee Break<\/td>\n<\/tr>\n<tr>\n<td>15:15-16:15<\/td>\n<td><a name=\"keynote2\"><\/a>Keynote 2: Graham Johnson \u2013 Mesoscale Illustrations<\/p>\n<p><img decoding=\"async\" loading=\"lazy\" class=\"\" src=\"http:\/\/www.vcbm.org\/wp-content\/uploads\/2012\/04\/JohnsonG.jpg\" alt=\"Graham Johnson\" width=\"112\" height=\"168\" \/><\/p>\n<p>Graham Johnson is a Certified Medical Illustrator with 15 years of professional experience. He has specialized in molecular and cellular biology since graduating from The Johns Hopkins School of Medicine in 1997. He illustrated both editions of the textbook Cell Biology by Pollard &amp; Earnshaw as a coauthor, and has created thousands of scientific visuals ranging from journal covers to pedagogic animations and game designs. Graham currently lives in San Francisco, CA and works at UCSF as a qb3@UCSF Faculty Fellow. His PhD work in the Molecular Graphics Lab at Scripps focused primarily on developing algorithms to enable scientists and illustrators to generate, simulate, and visualize molecular models of cells. He continues to work with programmers to develop software that can interoperate the computational tools of science and art. Graham gives lectures on both molecular graphics and protein docking to structural biology\/biophysics graduate students, medical illustrators, and high school students.<\/td>\n<\/tr>\n<tr>\n<td>16:15<\/td>\n<td>Awards &amp; Closing Remarks<\/td>\n<\/tr>\n<\/tbody>\n<\/table>\n","protected":false},"excerpt":{"rendered":"<p>Thursday, 27.09.2012 8:30-9:00 Conference Registration (Ground Floor at Visualization Center C) 9:00-9:15 Opening &amp; Welcome 9:15-10:15 Keynote 1: Anders Persson \u2013 Visualization of Quantified Medical Image Data \u2013 Key to the Future? Anders Persson is the Director of the Center <a class=\"more-link\" href=\"https:\/\/conferences.eg.org\/vcbm2012\/program\/\">Read More &#8230;<\/a><\/p>\n","protected":false},"author":2,"featured_media":0,"parent":0,"menu_order":0,"comment_status":"closed","ping_status":"closed","template":"","meta":[],"_links":{"self":[{"href":"https:\/\/conferences.eg.org\/vcbm2012\/wp-json\/wp\/v2\/pages\/7"}],"collection":[{"href":"https:\/\/conferences.eg.org\/vcbm2012\/wp-json\/wp\/v2\/pages"}],"about":[{"href":"https:\/\/conferences.eg.org\/vcbm2012\/wp-json\/wp\/v2\/types\/page"}],"author":[{"embeddable":true,"href":"https:\/\/conferences.eg.org\/vcbm2012\/wp-json\/wp\/v2\/users\/2"}],"replies":[{"embeddable":true,"href":"https:\/\/conferences.eg.org\/vcbm2012\/wp-json\/wp\/v2\/comments?post=7"}],"version-history":[{"count":1,"href":"https:\/\/conferences.eg.org\/vcbm2012\/wp-json\/wp\/v2\/pages\/7\/revisions"}],"predecessor-version":[{"id":8,"href":"https:\/\/conferences.eg.org\/vcbm2012\/wp-json\/wp\/v2\/pages\/7\/revisions\/8"}],"wp:attachment":[{"href":"https:\/\/conferences.eg.org\/vcbm2012\/wp-json\/wp\/v2\/media?parent=7"}],"curies":[{"name":"wp","href":"https:\/\/api.w.org\/{rel}","templated":true}]}}