
{"id":382,"date":"2020-05-11T08:53:16","date_gmt":"2020-05-11T08:53:16","guid":{"rendered":"https:\/\/conferences.eg.org\/eg2021\/?page_id=382"},"modified":"2021-06-08T11:43:08","modified_gmt":"2021-06-08T11:43:08","slug":"education-papers","status":"publish","type":"page","link":"https:\/\/conferences.eg.org\/eg2021\/program\/education-papers\/","title":{"rendered":"Education papers"},"content":{"rendered":"<p>[vc_row][vc_column][vc_column_text]<\/p>\n<h2><\/h2>\n<h2 style=\"text-align: center\">EDUCATION PAPERS<\/h2>\n<p>[\/vc_column_text][vc_column_text]<\/p>\n<div class=\"views-element-container contextual-region element-container-wrapper\">\n<div class=\"contextual-region view view-sessions-for-wordpress view-id-sessions_for_wordpress view-display-id-page_1 js-view-dom-id-9bfd70bcc5bbdf8312335d66269149a3db9488c97b37b7663bd1b4b38709aa1f\">\n<div class=\"views-element-container contextual-region element-container-wrapper\">\n<div class=\"contextual-region view view-sessions-for-wordpress view-id-sessions_for_wordpress view-display-id-page_2 js-view-dom-id-f716cdd22b659b88e0db04b904eb0ea4efec45ecc3791666850e91753974ce78\">\n<div class=\"views-element-container contextual-region element-container-wrapper\">\n<div class=\"contextual-region view view-sessions-for-wordpress view-id-sessions_for_wordpress view-display-id-page_2 js-view-dom-id-7b6cc999ea10ba08ecdd165d6fd45576c9727991e7482c3258fa10ee57a09d85\">\n<div class=\"views-element-container contextual-region element-container-wrapper\">\n<div class=\"contextual-region view view-sessions-for-wordpress view-id-sessions_for_wordpress view-display-id-page_2 js-view-dom-id-fe6ddc8b21058907e28ab6c359e2e6cc9fc945229889a262a9dfa0ff0399a93c\">\n<div class=\"views-element-container contextual-region element-container-wrapper\">\n<div class=\"contextual-region view view-sessions-for-wordpress view-id-sessions_for_wordpress view-display-id-page_2 js-view-dom-id-0a5e27cea06d9488b240c4951729e0a3c29b7bd2728f21b0e605cb844664a00b\">\n<div class=\"views-element-container contextual-region element-container-wrapper\">\n<div class=\"contextual-region view view-sessions-for-wordpress view-id-sessions_for_wordpress view-display-id-page_2 js-view-dom-id-19fde218289899fe8de45e619466a5c624f52f69544e9415e9c6bf3f1438139f\">\n<div class=\"views-element-container contextual-region element-container-wrapper\">\n<div class=\"contextual-region view view-sessions-for-wordpress view-id-sessions_for_wordpress view-display-id-page_2 js-view-dom-id-aeed0afd5b74cf8c59cccf0e134b900551f5ffe780392ca1584f6c9538f63f3d\">\n<div class=\"views-element-container contextual-region element-container-wrapper\">\n<div class=\"contextual-region view view-sessions-for-wordpress view-id-sessions_for_wordpress view-display-id-page_2 js-view-dom-id-8e5151968489e34d7032451ae9886289ee8527679642bd81834c4dd8d37dbb73\">\n<div class=\"views-element-container contextual-region element-container-wrapper\">\n<div class=\"contextual-region view view-sessions-for-wordpress view-id-sessions_for_wordpress view-display-id-page_2 js-view-dom-id-8d129eec9fe3678c2e8b9fa943835b830287c8e590b3da17ea5f3cf47c957cb0\">\n<div class=\"views-element-container contextual-region element-container-wrapper\">\n<div class=\"contextual-region view view-sessions-for-wordpress view-id-sessions_for_wordpress view-display-id-page_2 js-view-dom-id-705a08d7afa70c1f94a78ceb69ba751366eb02475df8acd3330034690d62e723\">\n<div class=\"views-element-container contextual-region element-container-wrapper\">\n<div class=\"contextual-region view view-sessions-for-wordpress view-id-sessions_for_wordpress view-display-id-page_2 js-view-dom-id-32a892db104f284f147a640ba9315a9e89cf08d861628e4faa15ff58af37ecb3\">\n<div class=\"views-element-container contextual-region element-container-wrapper\">\n<div class=\"contextual-region view view-sessions-for-wordpress view-id-sessions_for_wordpress view-display-id-page_2 js-view-dom-id-16e404fae8feac322c0bcb078eda269eef7a871c06ca63c0d98dcb4602cd2eba\">\n<div class=\"views-element-container contextual-region element-container-wrapper\">\n<div class=\"contextual-region view view-sessions-for-wordpress view-id-sessions_for_wordpress view-display-id-page_2 js-view-dom-id-ebf2be4404bc3eb3e38dc5c51e5364b0801cd108f9e155cbeab2aefebcb7ccff\">\n<div class=\"views-element-container contextual-region element-container-wrapper\">\n<div class=\"contextual-region view view-sessions-for-wordpress view-id-sessions_for_wordpress view-display-id-page_2 js-view-dom-id-8f72b6a01c9d01c927cb253df81a845e8c6d9efa2dbdb6166fe92d991e02f181\">\n<div class=\"views-element-container contextual-region element-container-wrapper\">\n<div class=\"contextual-region view view-sessions-for-wordpress view-id-sessions_for_wordpress view-display-id-page_2 js-view-dom-id-d37588c73311e7744c165b438226873e8731908a4d6ea14ed5e6173446ebceec\">\n<div class=\"views-element-container contextual-region element-container-wrapper\">\n<div class=\"contextual-region view view-sessions-for-wordpress view-id-sessions_for_wordpress view-display-id-page_2 js-view-dom-id-8f6efe7b8feeb5e28df50ca33980059ef17de6c44b3fc9d3f73de6d185243b0d\">\n<div class=\"views-element-container contextual-region element-container-wrapper\">\n<div class=\"contextual-region view view-sessions-for-wordpress view-id-sessions_for_wordpress view-display-id-page_2 js-view-dom-id-6e6e2cf7f244334136ace080d121c701b4ab91b99504bed74354d0b5a05f793b\">\n<div class=\"views-element-container contextual-region element-container-wrapper\">\n<div class=\"contextual-region view view-sessions-for-wordpress view-id-sessions_for_wordpress view-display-id-page_2 js-view-dom-id-35e749fe05c9355ae2b220231d3f311eedde3c0c515bf51a95105ea45f4b3d22\">\n<div data-contextual-id=\"entity.view.edit_form:view=sessions_for_wordpress:location=page&amp;name=sessions_for_wordpress&amp;display_id=page_2&amp;langcode=en\" data-contextual-token=\"AHX0k0I-841u5mT_y18jdeIY2trZNYmuNVi_-M8KZB4\"><\/div>\n<div class=\"view-filters\"><\/div>\n<div class=\"view-content view-rows\">\n<h3 class=\"view-title\">Thursday, May 6, 2021<\/h3>\n<div class=\"views-row\">\n<div class=\"views-field views-field-field-date\">\n<div class=\"field-content\">10:00 &#8211; 11:20<\/div>\n<\/div>\n<div class=\"views-field views-field-title\"><span class=\"field-content\">Education Papers 1 <\/span><\/div>\n<div class=\"views-field views-field-field-contributions\">\n<div class=\"field-content\">\n<div class=\"views-element-container element-container-wrapper\">\n<div class=\"view view-session-contributions-complex- view-id-session_contributions_complex_ view-display-id-block_4 js-view-dom-id-62d3d8d68b9f05d815e0daaf33407445158fa7ef4a99a02e0e20cd877bc5ddb5\">\n<div class=\"view-content view-rows\">\n<div class=\"contributions-list item-list\">\n<ul>\n<li class=\"item-list__item\">\n<div class=\"views-field views-field-nothing-2 date\"><span class=\"field-content\">10:00 &#8211; 10:05<\/span><\/div>\n<div class=\"views-field views-field-title\"><span class=\"field-content\">Welcome and Introduction <\/span><\/div>\n<div class=\"views-field views-field-field-authors\">\n<div class=\"field-content\"><\/div>\n<\/div>\n<div class=\"views-field views-field-nothing\"><span class=\"field-content\"><span class=\"views-label views-label-field-presenter\">Presenter(s):<\/span> Beatriz Sousa Santos, Gitta Domik <\/span><\/div>\n<\/li>\n<li class=\"item-list__item\">\n<div class=\"views-field views-field-nothing-2 date\"><span class=\"field-content\">10:05 &#8211; 10:25<\/span><\/div>\n<div class=\"views-field views-field-title\"><span class=\"field-content\"><a href=\"https:\/\/www.sciencedirect.com\/science\/article\/pii\/S2666629421000048\">Computer Graphics teaching challenges: guidelines for balancing depth, complexity and mentoring in a confinement context<\/a> <a class=\"inline\" title=\"Watch the pre-recorded presentation\" href=\"https:\/\/youtu.be\/3iitPVEUyDA\"><img decoding=\"async\" class=\"external-link-icon\" src=\"https:\/\/conferences.eg.org\/eg2021\/wp-content\/uploads\/sites\/14\/2020\/12\/youtube-1.jpg\" \/><\/a><\/span><\/div>\n<div class=\"views-field views-field-field-authors\">\n<div class=\"field-content\">Rui Rodrigues, Teresa Matos, Alexandre Valle de Carvalho, Jorge G. Barbosa, Rodrigo Assaf, Rui N\u00f3brega, Ant\u00f3nio Coelho, Augusto Sousa<\/div>\n<\/div>\n<div class=\"views-field views-field-nothing\"><\/div>\n<\/li>\n<li class=\"item-list__item\">\n<div class=\"views-field views-field-nothing-2 date\"><span class=\"field-content\">10:25 &#8211; 10:45<\/span><\/div>\n<div class=\"views-field views-field-title\"><span class=\"field-content\"><a href=\"https:\/\/www.sciencedirect.com\/science\/article\/pii\/S266662942100005X\">Experiencing GPU path tracing in online courses<\/a> <a class=\"inline\" title=\"Watch the pre-recorded presentation\" href=\"https:\/\/youtu.be\/o2-IvmvUTnw\"><img decoding=\"async\" class=\"external-link-icon\" src=\"https:\/\/conferences.eg.org\/eg2021\/wp-content\/uploads\/sites\/14\/2020\/12\/youtube-1.jpg\" \/><\/a><\/span><\/div>\n<div class=\"views-field views-field-field-authors\">\n<div class=\"field-content\">Masaru Ohkawara, Hideo Saito, Issei Fujishiro<\/div>\n<\/div>\n<div class=\"views-field views-field-nothing\"><\/div>\n<\/li>\n<li class=\"item-list__item\">\n<div class=\"views-field views-field-nothing-2 date\"><span class=\"field-content\">10:45 &#8211; 11:02<\/span><\/div>\n<div class=\"views-field views-field-title\"><span class=\"field-content\"><a href=\"https:\/\/diglib.eg.org\/handle\/10.2312\/eged20211000\">Teaching Data-driven Video Processing via Crowdsourced Data Collection<\/a> <a class=\"inline\" title=\"Watch the pre-recorded presentation\" href=\"https:\/\/youtu.be\/J03AFkjt3_4\"><img decoding=\"async\" class=\"external-link-icon\" src=\"https:\/\/conferences.eg.org\/eg2021\/wp-content\/uploads\/sites\/14\/2020\/12\/youtube-1.jpg\" \/><\/a><\/span><\/div>\n<div class=\"views-field views-field-field-authors\">\n<div class=\"field-content\">Max Reimann, Ole Wegen, Sebastian Pasewaldt, Amir Semmo, J\u00fcrgen D\u00f6llner, Matthias Trapp<\/div>\n<\/div>\n<div class=\"views-field views-field-nothing\"><\/div>\n<\/li>\n<li class=\"item-list__item\">\n<div class=\"views-field views-field-nothing-2 date\"><span class=\"field-content\">11:02 &#8211; 11:15<\/span><\/div>\n<div class=\"views-field views-field-title\"><span class=\"field-content\"><a href=\"https:\/\/diglib.eg.org\/handle\/10.2312\/eged20211001\">A Virtual Reality Platform for Immersive Education in Computer Graphics<\/a> <a class=\"inline\" title=\"Watch the pre-recorded presentation\" href=\"https:\/\/youtu.be\/cwnxurP_3_o\"><img decoding=\"async\" class=\"external-link-icon\" src=\"https:\/\/conferences.eg.org\/eg2021\/wp-content\/uploads\/sites\/14\/2020\/12\/youtube-1.jpg\" \/><\/a><\/span><\/div>\n<div class=\"views-field views-field-field-authors\">\n<div class=\"field-content\">Filip Ha\u0301cha, Petr Van\u011b\u010dek, Libor V\u00e1\u0161a<\/div>\n<\/div>\n<div class=\"views-field views-field-nothing\"><\/div>\n<\/li>\n<\/ul>\n<\/div>\n<\/div>\n<\/div>\n<\/div>\n<\/div>\n<\/div>\n<div class=\"views-field views-field-body\">\n<div class=\"field-content\">\n<p>The education track presents original contributions for presentation and publication. It shall help build and enhance a vibrant community of Computer Graphics teachers who share their knowledge and experience of bringing computer graphics to the classroom and getting others excited about the field. The scope of the track includes topics in education related to computer graphics, computer graphics in education, teaching\/classroom experience related to computer graphics content, assignments and outstanding student projects in computer graphics.<\/p>\n<\/div>\n<\/div>\n<div class=\"views-field views-field-field-authors\">\n<div class=\"field-content\"><\/div>\n<\/div>\n<\/div>\n<div class=\"views-row\">\n<div class=\"views-field views-field-field-date\">\n<div class=\"field-content\">11:40 &#8211; 13:00<\/div>\n<\/div>\n<div class=\"views-field views-field-title\"><span class=\"field-content\">Education Papers 2 <\/span><\/div>\n<div class=\"views-field views-field-field-contributions\">\n<div class=\"field-content\">\n<div class=\"views-element-container element-container-wrapper\">\n<div class=\"view view-session-contributions-complex- view-id-session_contributions_complex_ view-display-id-block_4 js-view-dom-id-e13bc7c2777c12204dc5237b46651ac2956575c9f32e6e3d01089b2b405335fe\">\n<div class=\"view-content view-rows\">\n<div class=\"contributions-list item-list\">\n<ul>\n<li class=\"item-list__item\">\n<div class=\"views-field views-field-nothing-2 date\"><span class=\"field-content\">11:40 &#8211; 11:58<\/span><\/div>\n<div class=\"views-field views-field-title\"><span class=\"field-content\"><a href=\"https:\/\/diglib.eg.org\/handle\/10.2312\/eged20211002\">Conveying Firsthand Experience: The Circuit Parcours Technique for Efficient and Engaging Teaching in Courses about Virtual Reality and Augmented Reality<\/a> <\/span><\/div>\n<div class=\"views-field views-field-field-authors\">\n<div class=\"field-content\">Ralf D\u00f6rner, Robin Horst<\/div>\n<\/div>\n<div class=\"views-field views-field-nothing\"><\/div>\n<\/li>\n<li class=\"item-list__item\">\n<div class=\"views-field views-field-nothing-2 date\"><span class=\"field-content\">11:58 &#8211; 12:16<\/span><\/div>\n<div class=\"views-field views-field-title\"><span class=\"field-content\"><a href=\"https:\/\/diglib.eg.org\/handle\/10.2312\/eged20211003\">VisGuided: A Community-driven Approach for Education in Visualization<\/a> <\/span><\/div>\n<div class=\"views-field views-field-field-authors\">\n<div class=\"field-content\">Alexandra Diehl, Elif E. Firat, Thomas Torsney-Weir, Alfie Abdul-Rahman, Benjamin Bach, Robert Laramee, Renato Pajarola, Min Chen<\/div>\n<\/div>\n<div class=\"views-field views-field-nothing\"><\/div>\n<\/li>\n<li class=\"item-list__item\">\n<div class=\"views-field views-field-nothing-2 date\"><span class=\"field-content\">12:16 &#8211; 12:34<\/span><\/div>\n<div class=\"views-field views-field-title\"><span class=\"field-content\"><a href=\"https:\/\/diglib.eg.org\/handle\/10.2312\/eged20211004\">Teaching 3D Computer Animation to Non-programming Experts<\/a> <a class=\"inline\" title=\"Watch the pre-recorded presentation\" href=\"https:\/\/youtu.be\/JR410L0nTtI\"><img decoding=\"async\" class=\"external-link-icon\" src=\"https:\/\/conferences.eg.org\/eg2021\/wp-content\/uploads\/sites\/14\/2020\/12\/youtube-1.jpg\" \/><\/a><\/span><\/div>\n<div class=\"views-field views-field-field-authors\">\n<div class=\"field-content\">Dan Casas<\/div>\n<\/div>\n<div class=\"views-field views-field-nothing\"><\/div>\n<\/li>\n<li class=\"item-list__item\">\n<div class=\"views-field views-field-nothing-2 date\"><span class=\"field-content\">12:34 &#8211; 12:48<\/span><\/div>\n<div class=\"views-field views-field-title\"><span class=\"field-content\"><a href=\"https:\/\/diglib.eg.org\/handle\/10.2312\/eged20211005\">Project in Visualization and Data Analysis: Experiences in Designing and Coordinating the Course<\/a> <a class=\"inline\" title=\"Watch the pre-recorded presentation\" href=\"https:\/\/youtu.be\/SFccmCbT69s\"><img decoding=\"async\" class=\"external-link-icon\" src=\"https:\/\/conferences.eg.org\/eg2021\/wp-content\/uploads\/sites\/14\/2020\/12\/youtube-1.jpg\" \/><\/a><\/span><\/div>\n<div class=\"views-field views-field-field-authors\">\n<div class=\"field-content\">Kostiantyn Kucher, Rafael M. Martins, Andreas Kerren<\/div>\n<\/div>\n<div class=\"views-field views-field-nothing\"><\/div>\n<\/li>\n<li class=\"item-list__item\">\n<div class=\"views-field views-field-nothing-2 date\"><span class=\"field-content\">12:48 &#8211; 13:00<\/span><\/div>\n<div class=\"views-field views-field-title\"><span class=\"field-content\"><a href=\"https:\/\/diglib.eg.org\/handle\/10.2312\/eged20211006\">Reconstructing the Past: Outstanding Student-Created Virtual Heritage Experiences<\/a> <a class=\"inline\" title=\"Watch the pre-recorded presentation\" href=\"https:\/\/youtu.be\/_CEK9J13Bog\"><img decoding=\"async\" class=\"external-link-icon\" src=\"https:\/\/conferences.eg.org\/eg2021\/wp-content\/uploads\/sites\/14\/2020\/12\/youtube-1.jpg\" \/><\/a><\/span><\/div>\n<div class=\"views-field views-field-field-authors\">\n<div class=\"field-content\">Eike F. Anderson<\/div>\n<\/div>\n<div class=\"views-field views-field-nothing\"><\/div>\n<\/li>\n<\/ul>\n<\/div>\n<\/div>\n<\/div>\n<\/div>\n<\/div>\n<\/div>\n<div class=\"views-field views-field-body\">\n<div class=\"field-content\">\n<p>The education track presents original contributions for presentation and publication. It shall help build and enhance a vibrant community of Computer Graphics teachers who share their knowledge and experience of bringing computer graphics to the classroom and getting others excited about the field. The scope of the track includes topics in education related to computer graphics, computer graphics in education, teaching\/classroom experience related to computer graphics content, assignments and outstanding student projects in computer graphics.<\/p>\n<\/div>\n<\/div>\n<div class=\"views-field views-field-field-authors\">\n<div class=\"field-content\"><\/div>\n<\/div>\n<\/div>\n<div class=\"views-row\">\n<div class=\"views-field views-field-field-date\">\n<div class=\"field-content\">15:00 &#8211; 16:20<\/div>\n<\/div>\n<div class=\"views-field views-field-title\"><span class=\"field-content\">Education Papers 3 <\/span><\/div>\n<div class=\"views-field views-field-field-contributions\">\n<div class=\"field-content\">\n<div class=\"views-element-container element-container-wrapper\">\n<div class=\"view view-session-contributions-complex- view-id-session_contributions_complex_ view-display-id-block_4 js-view-dom-id-00dbf58e5af8b9fdc39d06a63b82ff2844d98d3848a5f5e95c15adf8a660a343\">\n<div class=\"view-content view-rows\">\n<div class=\"contributions-list item-list\">\n<ul>\n<li class=\"item-list__item\">\n<div class=\"views-field views-field-nothing-2 date\"><span class=\"field-content\">15:00 &#8211; 15:20<\/span><\/div>\n<div class=\"views-field views-field-title\"><span class=\"field-content\"><a href=\"https:\/\/diglib.eg.org\/handle\/10.2312\/eged20211007\">Teaching Computer Graphics During Pandemic using Observable Notebook<\/a> <a class=\"inline\" title=\"Watch the pre-recorded presentation\" href=\"https:\/\/youtu.be\/JgPT8cEatXU\"><img decoding=\"async\" class=\"external-link-icon\" src=\"https:\/\/conferences.eg.org\/eg2021\/wp-content\/uploads\/sites\/14\/2020\/12\/youtube-1.jpg\" \/><\/a><\/span><\/div>\n<div class=\"views-field views-field-field-authors\">\n<div class=\"field-content\">Sumanta N. Pattanaik, Alexis Benamira<\/div>\n<\/div>\n<div class=\"views-field views-field-nothing\"><\/div>\n<\/li>\n<li class=\"item-list__item\">\n<div class=\"views-field views-field-nothing-2 date\"><span class=\"field-content\">15:20 &#8211; 15:35<\/span><\/div>\n<div class=\"views-field views-field-title\"><span class=\"field-content\"><a href=\"https:\/\/diglib.eg.org\/handle\/10.2312\/eged20211008\">Marching Cubes for Teaching GLSL Programming<\/a> <a class=\"inline\" title=\"Watch the pre-recorded presentation\" href=\"https:\/\/youtu.be\/X2t0Ei244_0\"><img decoding=\"async\" class=\"external-link-icon\" src=\"https:\/\/conferences.eg.org\/eg2021\/wp-content\/uploads\/sites\/14\/2020\/12\/youtube-1.jpg\" \/><\/a><\/span><\/div>\n<div class=\"views-field views-field-field-authors\">\n<div class=\"field-content\">Ivaylo Ilinkin<\/div>\n<\/div>\n<div class=\"views-field views-field-nothing\"><\/div>\n<\/li>\n<li class=\"item-list__item\">\n<div class=\"views-field views-field-nothing-2 date\"><span class=\"field-content\">15:35 &#8211; 16:15<\/span><\/div>\n<div class=\"views-field views-field-title\"><span class=\"field-content\">Panel \u2013 Teaching during Times of Covid <a class=\"inline\" title=\"Watch the pre-recorded presentation\" href=\"https:\/\/youtu.be\/riuGcrDx0gM\"><img decoding=\"async\" class=\"external-link-icon\" src=\"https:\/\/conferences.eg.org\/eg2021\/wp-content\/uploads\/sites\/14\/2020\/12\/youtube-1.jpg\" \/><\/a><\/span><\/div>\n<div class=\"views-field views-field-field-authors\">\n<div class=\"field-content\"><\/div>\n<\/div>\n<div class=\"views-field views-field-nothing\"><span class=\"field-content\"><span class=\"views-label views-label-field-presenter\">Presenter(s):<\/span> Eike F. Anderson, Mario Romero, Alexandra Diehl, Rui Rodrigues, Gitta Domik, Beatriz Sousa Santos <\/span><\/div>\n<\/li>\n<li class=\"item-list__item\">\n<div class=\"views-field views-field-nothing-2 date\"><span class=\"field-content\">16:15 &#8211; 16:20<\/span><\/div>\n<div class=\"views-field views-field-title\"><span class=\"field-content\">Roundup <\/span><\/div>\n<div class=\"views-field views-field-field-authors\">\n<div class=\"field-content\"><\/div>\n<\/div>\n<div class=\"views-field views-field-nothing\"><span class=\"field-content\"><span class=\"views-label views-label-field-presenter\">Presenter(s):<\/span> Gitta Domik, Beatriz Sousa Santos <\/span><\/div>\n<\/li>\n<\/ul>\n<\/div>\n<\/div>\n<\/div>\n<\/div>\n<\/div>\n<\/div>\n<div class=\"views-field views-field-body\">\n<div class=\"field-content\">\n<p>The education track presents original contributions for presentation and publication. It shall help build and enhance a vibrant community of Computer Graphics teachers who share their knowledge and experience of bringing computer graphics to the classroom and getting others excited about the field. The scope of the track includes topics in education related to computer graphics, computer graphics in education, teaching\/classroom experience related to computer graphics content, assignments and outstanding student projects in computer graphics.<\/p>\n<\/div>\n<\/div>\n<div class=\"views-field views-field-field-authors\">\n<div class=\"field-content\"><\/div>\n<\/div>\n<\/div>\n<\/div>\n<\/div>\n<\/div>\n<\/div>\n<\/div>\n<\/div>\n<\/div>\n<\/div>\n<\/div>\n<\/div>\n<\/div>\n<\/div>\n<\/div>\n<\/div>\n<\/div>\n<\/div>\n<\/div>\n<\/div>\n<\/div>\n<\/div>\n<\/div>\n<\/div>\n<\/div>\n<\/div>\n<\/div>\n<\/div>\n<\/div>\n<\/div>\n<\/div>\n<\/div>\n<\/div>\n<\/div>\n<\/div>\n<\/div>\n<\/div>\n<\/div>\n<\/div>\n<p>[\/vc_column_text][\/vc_column][\/vc_row]<\/p>\n","protected":false},"excerpt":{"rendered":"<p>[vc_row][vc_column][vc_column_text] EDUCATION PAPERS [\/vc_column_text][vc_column_text] Thursday, May 6, 2021 10:00 &#8211; 11:20 Education Papers 1 10:00 &#8211; 10:05 Welcome and Introduction&#8230;<\/p>\n","protected":false},"author":19,"featured_media":0,"parent":259,"menu_order":7,"comment_status":"closed","ping_status":"closed","template":"","meta":[],"_links":{"self":[{"href":"https:\/\/conferences.eg.org\/eg2021\/wp-json\/wp\/v2\/pages\/382"}],"collection":[{"href":"https:\/\/conferences.eg.org\/eg2021\/wp-json\/wp\/v2\/pages"}],"about":[{"href":"https:\/\/conferences.eg.org\/eg2021\/wp-json\/wp\/v2\/types\/page"}],"author":[{"embeddable":true,"href":"https:\/\/conferences.eg.org\/eg2021\/wp-json\/wp\/v2\/users\/19"}],"replies":[{"embeddable":true,"href":"https:\/\/conferences.eg.org\/eg2021\/wp-json\/wp\/v2\/comments?post=382"}],"version-history":[{"count":27,"href":"https:\/\/conferences.eg.org\/eg2021\/wp-json\/wp\/v2\/pages\/382\/revisions"}],"predecessor-version":[{"id":1551,"href":"https:\/\/conferences.eg.org\/eg2021\/wp-json\/wp\/v2\/pages\/382\/revisions\/1551"}],"up":[{"embeddable":true,"href":"https:\/\/conferences.eg.org\/eg2021\/wp-json\/wp\/v2\/pages\/259"}],"wp:attachment":[{"href":"https:\/\/conferences.eg.org\/eg2021\/wp-json\/wp\/v2\/media?parent=382"}],"curies":[{"name":"wp","href":"https:\/\/api.w.org\/{rel}","templated":true}]}}