
{"id":374,"date":"2020-05-11T08:49:26","date_gmt":"2020-05-11T08:49:26","guid":{"rendered":"https:\/\/conferences.eg.org\/eg2021\/?page_id=374"},"modified":"2021-06-02T11:05:22","modified_gmt":"2021-06-02T11:05:22","slug":"short-papers","status":"publish","type":"page","link":"https:\/\/conferences.eg.org\/eg2021\/program\/short-papers\/","title":{"rendered":"Short papers"},"content":{"rendered":"<p>[vc_row][vc_column][vc_column_text]<\/p>\n<h2><\/h2>\n<h2 style=\"text-align: center\">SHORT PAPERS<\/h2>\n<p>[\/vc_column_text][vc_column_text]<\/p>\n<div class=\"views-element-container contextual-region element-container-wrapper\">\n<div class=\"contextual-region view view-sessions-for-wordpress view-id-sessions_for_wordpress view-display-id-page_2 js-view-dom-id-28c1465819eeec309f0e0bafa0912a3e59412c9676d7882ba56115c119f8f1d5\">\n<div class=\"views-element-container contextual-region element-container-wrapper\">\n<div class=\"contextual-region view view-sessions-for-wordpress view-id-sessions_for_wordpress view-display-id-page_2 js-view-dom-id-313e3fb8cd2d5dfe3bb2ff2eee170cd31ed31e64c4faa8b18c4bdd3d095d503d\">\n<div class=\"views-element-container contextual-region element-container-wrapper\">\n<div class=\"contextual-region view view-sessions-for-wordpress view-id-sessions_for_wordpress view-display-id-page_2 js-view-dom-id-dbbb1c1949abc8e1c2486057f2c270da797493646a17aa62ff1d33993385b83d\">\n<div class=\"views-element-container contextual-region element-container-wrapper\">\n<div class=\"contextual-region view view-sessions-for-wordpress view-id-sessions_for_wordpress view-display-id-page_2 js-view-dom-id-00a3084fc755e544d0e05de5d808a778169216457a6e3844244f138dea931a74\">\n<div class=\"views-element-container contextual-region element-container-wrapper\">\n<div class=\"contextual-region view view-sessions-for-wordpress view-id-sessions_for_wordpress view-display-id-page_2 js-view-dom-id-8a024cb3e19d15520346707e05629d8d65d6990cf6dc2f3822ac4aafc8b5e2a9\">\n<div class=\"views-element-container contextual-region element-container-wrapper\">\n<div class=\"contextual-region view view-sessions-for-wordpress view-id-sessions_for_wordpress view-display-id-page_2 js-view-dom-id-3142ed5c92c8104b31b65a43aaa7badc10c066c3053f6ba74cb70a7f82b6ee75\">\n<div class=\"views-element-container contextual-region element-container-wrapper\">\n<div class=\"contextual-region view view-sessions-for-wordpress view-id-sessions_for_wordpress view-display-id-page_2 js-view-dom-id-e1e222911bf8a1a95234ee5ebc95c2afe07963c3c9300aa5f841163a033772fd\">\n<div class=\"views-element-container contextual-region element-container-wrapper\">\n<div class=\"contextual-region view view-sessions-for-wordpress view-id-sessions_for_wordpress view-display-id-page_2 js-view-dom-id-8ee7ffc00e1829cc77e79f227156b6b66f4469338a31e64c9400859cf80e8029\">\n<div class=\"views-element-container contextual-region element-container-wrapper\">\n<div class=\"contextual-region view view-sessions-for-wordpress view-id-sessions_for_wordpress view-display-id-page_2 js-view-dom-id-2d2fe65031d7d5455fef252a7bc2d2273835a67a32b5de937e3bbcd9a0f44216\">\n<div class=\"views-element-container contextual-region element-container-wrapper\">\n<div class=\"contextual-region view view-sessions-for-wordpress view-id-sessions_for_wordpress view-display-id-page_2 js-view-dom-id-5693f5c7d2d8d1f23391869af6b5f4a731c185a30cd3a895e9f2045295338c5e\">\n<div data-contextual-id=\"entity.view.edit_form:view=sessions_for_wordpress:location=page&amp;name=sessions_for_wordpress&amp;display_id=page_2&amp;langcode=en\" data-contextual-token=\"AHX0k0I-841u5mT_y18jdeIY2trZNYmuNVi_-M8KZB4\"><\/div>\n<div class=\"view-filters\"><\/div>\n<div class=\"view-content view-rows\">\n<h3 class=\"view-title\">Tuesday, May 4, 2021<\/h3>\n<div class=\"views-row\">\n<div class=\"views-field views-field-field-date\">\n<div class=\"field-content\">15:00 &#8211; 16:20<\/div>\n<\/div>\n<div class=\"views-field views-field-title\"><span class=\"field-content\">Short Papers 1: Modeling and Rendering <\/span><\/div>\n<div class=\"views-field views-field-field-contributions\">\n<div class=\"field-content\">\n<div class=\"views-element-container element-container-wrapper\">\n<div class=\"view view-session-contributions-complex- view-id-session_contributions_complex_ view-display-id-block_4 js-view-dom-id-6567b8804292dd613b3cf2ab764e48d6a50b01829c0675abf94d0782618cf2c2\">\n<div class=\"view-content view-rows\">\n<div class=\"contributions-list item-list\">\n<ul>\n<li class=\"item-list__item\">\n<div class=\"views-field views-field-nothing-2 date\"><span class=\"field-content\">15:00 &#8211; 15:02<\/span><\/div>\n<div class=\"views-field views-field-title\"><span class=\"field-content\">Welcome and Introduction <\/span><\/div>\n<div class=\"views-field views-field-field-authors\">\n<div class=\"field-content\"><\/div>\n<\/div>\n<div class=\"views-field views-field-nothing\"><span class=\"field-content\"><span class=\"views-label views-label-field-presenter\">Presenter(s):<\/span> Holger Theisel, Michael Wimmer <\/span><\/div>\n<\/li>\n<li class=\"item-list__item\">\n<div class=\"views-field views-field-nothing-2 date\"><span class=\"field-content\">15:02 &#8211; 15:15<\/span><\/div>\n<div class=\"views-field views-field-title\"><span class=\"field-content\"><a href=\"https:\/\/diglib.eg.org\/handle\/10.2312\/egs20211009\">Ray Tracing Lossy Compressed Grid Primitives<\/a> <a class=\"inline\" title=\"Watch the pre-recorded presentation\" href=\"https:\/\/youtu.be\/wFTwWCZPRoc\"><img decoding=\"async\" class=\"external-link-icon\" src=\"https:\/\/conferences.eg.org\/eg2021\/wp-content\/uploads\/sites\/14\/2020\/12\/youtube-1.jpg\" \/><\/a><\/span><\/div>\n<div class=\"views-field views-field-field-authors\">\n<div class=\"field-content\">Carsten Benthin, Karthik Vaidyanathan, Sven Woop<\/div>\n<\/div>\n<div class=\"views-field views-field-nothing\"><\/div>\n<\/li>\n<li class=\"item-list__item\">\n<div class=\"views-field views-field-nothing-2 date\"><span class=\"field-content\">15:15 &#8211; 15:28<\/span><\/div>\n<div class=\"views-field views-field-title\"><span class=\"field-content\"><a href=\"https:\/\/diglib.eg.org\/handle\/10.2312\/egs20211010\">Gaming in Elliptic Geometry<\/a> <\/span><\/div>\n<div class=\"views-field views-field-field-authors\">\n<div class=\"field-content\">L\u00e1szl\u00f3 Szirmay-Kalos, Mil\u00e1n Magdics<\/div>\n<\/div>\n<div class=\"views-field views-field-nothing\"><\/div>\n<\/li>\n<li class=\"item-list__item\">\n<div class=\"views-field views-field-nothing-2 date\"><span class=\"field-content\">15:28 &#8211; 15:41<\/span><\/div>\n<div class=\"views-field views-field-title\"><span class=\"field-content\"><a href=\"https:\/\/diglib.eg.org\/handle\/10.2312\/egs20211011\">Modeling and Actuation of Cable-driven Silicone Soft Robots<\/a> <a class=\"inline\" title=\"Watch the pre-recorded presentation\" href=\"https:\/\/youtu.be\/25TN45oD4n4\"><img decoding=\"async\" class=\"external-link-icon\" src=\"https:\/\/conferences.eg.org\/eg2021\/wp-content\/uploads\/sites\/14\/2020\/12\/youtube-1.jpg\" \/><\/a><\/span><\/div>\n<div class=\"views-field views-field-field-authors\">\n<div class=\"field-content\">Mihail Francu<\/div>\n<\/div>\n<div class=\"views-field views-field-nothing\"><\/div>\n<\/li>\n<li class=\"item-list__item\">\n<div class=\"views-field views-field-nothing-2 date\"><span class=\"field-content\">15:41 &#8211; 15:54<\/span><\/div>\n<div class=\"views-field views-field-title\"><span class=\"field-content\"><a href=\"https:\/\/diglib.eg.org\/handle\/10.2312\/egs20211012\">Interactive Synthesis of 3D Geometries of Blood Vessels<\/a> <a class=\"inline\" title=\"Watch the pre-recorded presentation\" href=\"https:\/\/youtu.be\/aP_Bbk6vx9g\"><img decoding=\"async\" class=\"external-link-icon\" src=\"https:\/\/conferences.eg.org\/eg2021\/wp-content\/uploads\/sites\/14\/2020\/12\/youtube-1.jpg\" \/><\/a><\/span><\/div>\n<div class=\"views-field views-field-field-authors\">\n<div class=\"field-content\">Nikolaus Rauch, Matthias Harders<\/div>\n<\/div>\n<div class=\"views-field views-field-nothing\"><\/div>\n<\/li>\n<li class=\"item-list__item\">\n<div class=\"views-field views-field-nothing-2 date\"><span class=\"field-content\">15:54 &#8211; 16:07<\/span><\/div>\n<div class=\"views-field views-field-title\"><span class=\"field-content\"><a href=\"https:\/\/diglib.eg.org\/handle\/10.2312\/egs20211013\">Data-driven Garment Pattern Estimation from 3D Geometries<\/a> <a class=\"inline\" title=\"Watch the pre-recorded presentation\" href=\"https:\/\/youtu.be\/3W0QaX0UdYM\"><img decoding=\"async\" class=\"external-link-icon\" src=\"https:\/\/conferences.eg.org\/eg2021\/wp-content\/uploads\/sites\/14\/2020\/12\/youtube-1.jpg\" \/><\/a><\/span><\/div>\n<div class=\"views-field views-field-field-authors\">\n<div class=\"field-content\">Chihiro Goto, Nobuyuki Umetani<\/div>\n<\/div>\n<div class=\"views-field views-field-nothing\"><\/div>\n<\/li>\n<li class=\"item-list__item\">\n<div class=\"views-field views-field-nothing-2 date\"><span class=\"field-content\">16:07 &#8211; 16:20<\/span><\/div>\n<div class=\"views-field views-field-title\"><span class=\"field-content\"><a href=\"https:\/\/diglib.eg.org\/handle\/10.2312\/egs20211014\">Visualising the Transition of Large Networks via Dimensionality Reduction to Illustrate the Evolution of the Human Brain<\/a> <a class=\"inline\" title=\"Watch the pre-recorded presentation\" href=\"https:\/\/youtu.be\/p1yn-0k7bH4\"><img decoding=\"async\" class=\"external-link-icon\" src=\"https:\/\/conferences.eg.org\/eg2021\/wp-content\/uploads\/sites\/14\/2020\/12\/youtube-1.jpg\" \/><\/a><\/span><\/div>\n<div class=\"views-field views-field-field-authors\">\n<div class=\"field-content\">Florian Ganglberger, Joanna Kaczanowska, Wulf Haubensak, Katja B\u00fchler<\/div>\n<\/div>\n<div class=\"views-field views-field-nothing\"><\/div>\n<\/li>\n<\/ul>\n<\/div>\n<\/div>\n<\/div>\n<\/div>\n<\/div>\n<\/div>\n<div class=\"views-field views-field-body\">\n<div class=\"field-content\"><\/div>\n<\/div>\n<div class=\"views-field views-field-field-authors\">\n<div class=\"field-content\"><\/div>\n<\/div>\n<\/div>\n<h3 class=\"view-title\">Wednesday, May 5, 2021<\/h3>\n<div class=\"views-row\">\n<div class=\"views-field views-field-field-date\">\n<div class=\"field-content\">12:10 &#8211; 13:00<\/div>\n<\/div>\n<div class=\"views-field views-field-title\"><span class=\"field-content\">Short Papers 2: Imaging and Video <\/span><\/div>\n<div class=\"views-field views-field-field-contributions\">\n<div class=\"field-content\">\n<div class=\"views-element-container element-container-wrapper\">\n<div class=\"view view-session-contributions-complex- view-id-session_contributions_complex_ view-display-id-block_4 js-view-dom-id-316a11f7318cd36556193e99f935205013114ddf3d446f4d696e6ffb702fa11c\">\n<div class=\"view-content view-rows\">\n<div class=\"contributions-list item-list\">\n<ul>\n<li class=\"item-list__item\">\n<div class=\"views-field views-field-nothing-2 date\"><span class=\"field-content\">12:10 &#8211; 12:23<\/span><\/div>\n<div class=\"views-field views-field-title\"><span class=\"field-content\"><a href=\"https:\/\/diglib.eg.org\/handle\/10.2312\/egs20211015\">Visualizing Errors in Rendered High Dynamic Range Images<\/a> <a class=\"inline\" title=\"Watch the pre-recorded presentation\" href=\"https:\/\/youtu.be\/GFu5x-sdfXY\"><img decoding=\"async\" class=\"external-link-icon\" src=\"https:\/\/conferences.eg.org\/eg2021\/wp-content\/uploads\/sites\/14\/2020\/12\/youtube-1.jpg\" \/><\/a><\/span><\/div>\n<div class=\"views-field views-field-field-authors\">\n<div class=\"field-content\">Pontus Andersson, Jim Nilsson, Peter Shirley, Tomas Akenine-M\u00f6ller<\/div>\n<\/div>\n<div class=\"views-field views-field-nothing\"><\/div>\n<\/li>\n<li class=\"item-list__item\">\n<div class=\"views-field views-field-nothing-2 date\"><span class=\"field-content\">12:23 &#8211; 12:35<\/span><\/div>\n<div class=\"views-field views-field-title\"><span class=\"field-content\"><a href=\"https:\/\/diglib.eg.org\/handle\/10.2312\/egs20211016\">Automatic Hierarchical Arrangement of Vector Designs<\/a> <a class=\"inline\" title=\"Watch the pre-recorded presentation\" href=\"https:\/\/youtu.be\/kmXThOXqipM\"><img decoding=\"async\" class=\"external-link-icon\" src=\"https:\/\/conferences.eg.org\/eg2021\/wp-content\/uploads\/sites\/14\/2020\/12\/youtube-1.jpg\" \/><\/a><\/span><\/div>\n<div class=\"views-field views-field-field-authors\">\n<div class=\"field-content\">Matthew Fisher, Vineet Agarwal, Tarun Beri<\/div>\n<\/div>\n<div class=\"views-field views-field-nothing\"><\/div>\n<\/li>\n<li class=\"item-list__item\">\n<div class=\"views-field views-field-nothing-2 date\"><span class=\"field-content\">12:35 &#8211; 12:47<\/span><\/div>\n<div class=\"views-field views-field-title\"><span class=\"field-content\"><a href=\"https:\/\/diglib.eg.org\/handle\/10.2312\/egs20211017\">Bregman Approach to Single Image De-Raining<\/a> <\/span><\/div>\n<div class=\"views-field views-field-field-authors\">\n<div class=\"field-content\">L\u00e1szl\u00f3 Szirmay-Kalos, M\u00e1rton T\u00f3th<\/div>\n<\/div>\n<div class=\"views-field views-field-nothing\"><\/div>\n<\/li>\n<li class=\"item-list__item\">\n<div class=\"views-field views-field-nothing-2 date\"><span class=\"field-content\">12:47 &#8211; 13:00<\/span><\/div>\n<div class=\"views-field views-field-title\"><span class=\"field-content\"><a href=\"https:\/\/diglib.eg.org\/handle\/10.2312\/egs20211018\">Robust Image Denoising using Kernel Predicting Networks<\/a> <\/span><\/div>\n<div class=\"views-field views-field-field-authors\">\n<div class=\"field-content\">Zhilin Cai, Yang Zhang, Marco Manzi, Cengiz Oztireli, Markus Gross, Tun\u00e7 Ozan Aydin<\/div>\n<\/div>\n<div class=\"views-field views-field-nothing\"><\/div>\n<\/li>\n<\/ul>\n<\/div>\n<\/div>\n<\/div>\n<\/div>\n<\/div>\n<\/div>\n<div class=\"views-field views-field-body\">\n<div class=\"field-content\"><\/div>\n<\/div>\n<div class=\"views-field views-field-field-authors\">\n<div class=\"field-content\"><\/div>\n<\/div>\n<\/div>\n<div class=\"views-row\">\n<div class=\"views-field views-field-field-date\">\n<div class=\"field-content\">15:00 &#8211; 16:20<\/div>\n<\/div>\n<div class=\"views-field views-field-title\"><span class=\"field-content\">Short Papers 3: Animation and Visualization <\/span><\/div>\n<div class=\"views-field views-field-field-contributions\">\n<div class=\"field-content\">\n<div class=\"views-element-container element-container-wrapper\">\n<div class=\"view view-session-contributions-complex- view-id-session_contributions_complex_ view-display-id-block_4 js-view-dom-id-07789dd1cbd75c77d83037f51abbde6e3af7a31aeaafaf6587a5dded77c7c303\">\n<div class=\"view-content view-rows\">\n<div class=\"contributions-list item-list\">\n<ul>\n<li class=\"item-list__item\">\n<div class=\"views-field views-field-nothing-2 date\"><span class=\"field-content\">15:00 &#8211; 15:13<\/span><\/div>\n<div class=\"views-field views-field-title\"><span class=\"field-content\"><a href=\"https:\/\/diglib.eg.org\/handle\/10.2312\/egs20211019\">SoftWalks: Real-Time, Two-Ways Interaction between a Character and Loose Grounds<\/a> <a class=\"inline\" title=\"Watch the pre-recorded presentation\" href=\"https:\/\/youtu.be\/Yy_4UoPYFsM\"><img decoding=\"async\" class=\"external-link-icon\" src=\"https:\/\/conferences.eg.org\/eg2021\/wp-content\/uploads\/sites\/14\/2020\/12\/youtube-1.jpg\" \/><\/a><\/span><\/div>\n<div class=\"views-field views-field-field-authors\">\n<div class=\"field-content\">Chlo\u00e9 Paliard, Eduardo Alvarado, Damien Rohmer, Marie-Paule Cani<\/div>\n<\/div>\n<div class=\"views-field views-field-nothing\"><\/div>\n<\/li>\n<li class=\"item-list__item\">\n<div class=\"views-field views-field-nothing-2 date\"><span class=\"field-content\">15:13 &#8211; 15:26<\/span><\/div>\n<div class=\"views-field views-field-title\"><span class=\"field-content\"><a href=\"https:\/\/diglib.eg.org\/handle\/10.2312\/egs20211020\">Interactive Finite Element Model of Needle Insertion and Laceration<\/a> <a class=\"inline\" title=\"Watch the pre-recorded presentation\" href=\"https:\/\/youtu.be\/g5l07gaGDis\"><img decoding=\"async\" class=\"external-link-icon\" src=\"https:\/\/conferences.eg.org\/eg2021\/wp-content\/uploads\/sites\/14\/2020\/12\/youtube-1.jpg\" \/><\/a><\/span><\/div>\n<div class=\"views-field views-field-field-authors\">\n<div class=\"field-content\">Pedro Henrique Suruagy Perrusi, Paul Baksic, Hadrien Courtecuisse<\/div>\n<\/div>\n<div class=\"views-field views-field-nothing\"><\/div>\n<\/li>\n<li class=\"item-list__item\">\n<div class=\"views-field views-field-nothing-2 date\"><span class=\"field-content\">15:26 &#8211; 15:39<\/span><\/div>\n<div class=\"views-field views-field-title\"><span class=\"field-content\"><a href=\"https:\/\/diglib.eg.org\/handle\/10.2312\/egs20211021\">Tight Normal Cone Merging for Efficient Collision Detection of Thin Deformable Objects<\/a> <a class=\"inline\" title=\"Watch the pre-recorded presentation\" href=\"https:\/\/youtu.be\/sJ4aBNItCDA\"><img decoding=\"async\" class=\"external-link-icon\" src=\"https:\/\/conferences.eg.org\/eg2021\/wp-content\/uploads\/sites\/14\/2020\/12\/youtube-1.jpg\" \/><\/a><\/span><\/div>\n<div class=\"views-field views-field-field-authors\">\n<div class=\"field-content\">Donghoon Han, Chang-Jin Lee, Sangbin Lee, Hyeong-Seok Ko<\/div>\n<\/div>\n<div class=\"views-field views-field-nothing\"><\/div>\n<\/li>\n<li class=\"item-list__item\">\n<div class=\"views-field views-field-nothing-2 date\"><span class=\"field-content\">15:39 &#8211; 15:52<\/span><\/div>\n<div class=\"views-field views-field-title\"><span class=\"field-content\"><a href=\"https:\/\/diglib.eg.org\/handle\/10.2312\/egs20211022\">Interactive Simulation for easy Decision-making in Fluid Dynamics<\/a> <a class=\"inline\" title=\"Watch the pre-recorded presentation\" href=\"https:\/\/youtu.be\/Raz8-hcrlbw\"><img decoding=\"async\" class=\"external-link-icon\" src=\"https:\/\/conferences.eg.org\/eg2021\/wp-content\/uploads\/sites\/14\/2020\/12\/youtube-1.jpg\" \/><\/a><\/span><\/div>\n<div class=\"views-field views-field-field-authors\">\n<div class=\"field-content\">Mengchen Wang, Nicolas F\u00e9rey, Frederic Magoules, Patrick Bourdot<\/div>\n<\/div>\n<div class=\"views-field views-field-nothing\"><\/div>\n<\/li>\n<li class=\"item-list__item\">\n<div class=\"views-field views-field-nothing-2 date\"><span class=\"field-content\">15:52 &#8211; 16:05<\/span><\/div>\n<div class=\"views-field views-field-title\"><span class=\"field-content\"><a href=\"https:\/\/diglib.eg.org\/handle\/10.2312\/egs20211023\">Auto-rigging 3D Bipedal Characters in Arbitrary Poses<\/a> <\/span><\/div>\n<div class=\"views-field views-field-field-authors\">\n<div class=\"field-content\">Jeonghwan Kim, Hyeontae Son, Jinseok Bae, Young Min Kim<\/div>\n<\/div>\n<div class=\"views-field views-field-nothing\"><\/div>\n<\/li>\n<li class=\"item-list__item\">\n<div class=\"views-field views-field-nothing-2 date\"><span class=\"field-content\">16:05 &#8211; 16:18<\/span><\/div>\n<div class=\"views-field views-field-title\"><span class=\"field-content\"><a href=\"https:\/\/diglib.eg.org\/handle\/10.2312\/egs20211024\">Visual Analysis of Point Cloud Neighborhoods via Multi-Scale Geometric Measures<\/a> <a class=\"inline\" title=\"Watch the pre-recorded presentation\" href=\"https:\/\/youtu.be\/E7Ba2rE3t1M\"><img decoding=\"async\" class=\"external-link-icon\" src=\"https:\/\/conferences.eg.org\/eg2021\/wp-content\/uploads\/sites\/14\/2020\/12\/youtube-1.jpg\" \/><\/a><\/span><\/div>\n<div class=\"views-field views-field-field-authors\">\n<div class=\"field-content\">Marcel Ritter, Daniel Schiffner, Matthias Harders<\/div>\n<\/div>\n<div class=\"views-field views-field-nothing\"><\/div>\n<\/li>\n<\/ul>\n<\/div>\n<\/div>\n<\/div>\n<\/div>\n<\/div>\n<\/div>\n<div class=\"views-field views-field-body\">\n<div class=\"field-content\"><\/div>\n<\/div>\n<div class=\"views-field views-field-field-authors\">\n<div class=\"field-content\"><\/div>\n<\/div>\n<\/div>\n<\/div>\n<\/div>\n<\/div>\n<\/div>\n<\/div>\n<\/div>\n<\/div>\n<\/div>\n<\/div>\n<\/div>\n<\/div>\n<\/div>\n<\/div>\n<\/div>\n<\/div>\n<\/div>\n<\/div>\n<\/div>\n<\/div>\n<\/div>\n<\/div>\n<p>[\/vc_column_text][\/vc_column][\/vc_row]<\/p>\n","protected":false},"excerpt":{"rendered":"<p>[vc_row][vc_column][vc_column_text] SHORT PAPERS [\/vc_column_text][vc_column_text] Tuesday, May 4, 2021 15:00 &#8211; 16:20 Short Papers 1: Modeling and Rendering 15:00 &#8211; 15:02&#8230;<\/p>\n","protected":false},"author":19,"featured_media":0,"parent":259,"menu_order":3,"comment_status":"closed","ping_status":"closed","template":"","meta":[],"_links":{"self":[{"href":"https:\/\/conferences.eg.org\/eg2021\/wp-json\/wp\/v2\/pages\/374"}],"collection":[{"href":"https:\/\/conferences.eg.org\/eg2021\/wp-json\/wp\/v2\/pages"}],"about":[{"href":"https:\/\/conferences.eg.org\/eg2021\/wp-json\/wp\/v2\/types\/page"}],"author":[{"embeddable":true,"href":"https:\/\/conferences.eg.org\/eg2021\/wp-json\/wp\/v2\/users\/19"}],"replies":[{"embeddable":true,"href":"https:\/\/conferences.eg.org\/eg2021\/wp-json\/wp\/v2\/comments?post=374"}],"version-history":[{"count":14,"href":"https:\/\/conferences.eg.org\/eg2021\/wp-json\/wp\/v2\/pages\/374\/revisions"}],"predecessor-version":[{"id":1542,"href":"https:\/\/conferences.eg.org\/eg2021\/wp-json\/wp\/v2\/pages\/374\/revisions\/1542"}],"up":[{"embeddable":true,"href":"https:\/\/conferences.eg.org\/eg2021\/wp-json\/wp\/v2\/pages\/259"}],"wp:attachment":[{"href":"https:\/\/conferences.eg.org\/eg2021\/wp-json\/wp\/v2\/media?parent=374"}],"curies":[{"name":"wp","href":"https:\/\/api.w.org\/{rel}","templated":true}]}}